{"id":1204,"date":"2021-05-23T11:40:17","date_gmt":"2021-05-23T09:40:17","guid":{"rendered":"http:\/\/pascalnoppe.com\/?post_type=product&#038;p=1204"},"modified":"2021-06-26T16:57:38","modified_gmt":"2021-06-26T14:57:38","slug":"tazmania","status":"publish","type":"product","link":"https:\/\/pascalnoppe.com\/index.php\/produit\/tazmania\/","title":{"rendered":"Tazmania"},"content":{"rendered":"<p>ici sur un chocolat amer g\u00e2teau , r\u00e9alisation de tazmania pr\u00e9sent\u00e9 debout , pour le Hard rock Caf\u00e9 de Duba\u00ef.<\/p>\n<p>60Pers, mon pr\u00e9f\u00e9r\u00e9, j&rsquo;adore , poser sur un support en pastillage , dessiner sur une p\u00e2te \u00e0 sucre, colorier, et poser debout , cela donne plus de volume, et plus facile pour le transport,<\/p>\n","protected":false},"excerpt":{"rendered":"<p>ici sur un chocolat amer g\u00e2teau , r\u00e9alisation de tazmania pr\u00e9sent\u00e9 debout , pour le Hard rock Caf\u00e9 de Duba\u00ef. 60Pers, mon pr\u00e9f\u00e9r\u00e9, j&rsquo;adore , poser sur un support en pastillage , dessiner sur une p\u00e2te \u00e0 sucre, colorier, et poser debout , cela donne plus de volume, et plus facile pour le transport,<\/p>\n","protected":false},"featured_media":1234,"template":"","meta":[],"product_cat":[17,27],"product_tag":[],"_links":{"self":[{"href":"https:\/\/pascalnoppe.com\/index.php\/wp-json\/wp\/v2\/product\/1204"}],"collection":[{"href":"https:\/\/pascalnoppe.com\/index.php\/wp-json\/wp\/v2\/product"}],"about":[{"href":"https:\/\/pascalnoppe.com\/index.php\/wp-json\/wp\/v2\/types\/product"}],"version-history":[{"count":2,"href":"https:\/\/pascalnoppe.com\/index.php\/wp-json\/wp\/v2\/product\/1204\/revisions"}],"predecessor-version":[{"id":1924,"href":"https:\/\/pascalnoppe.com\/index.php\/wp-json\/wp\/v2\/product\/1204\/revisions\/1924"}],"wp:featuredmedia":[{"embeddable":true,"href":"https:\/\/pascalnoppe.com\/index.php\/wp-json\/wp\/v2\/media\/1234"}],"wp:attachment":[{"href":"https:\/\/pascalnoppe.com\/index.php\/wp-json\/wp\/v2\/media?parent=1204"}],"wp:term":[{"taxonomy":"product_cat","embeddable":true,"href":"https:\/\/pascalnoppe.com\/index.php\/wp-json\/wp\/v2\/product_cat?post=1204"},{"taxonomy":"product_tag","embeddable":true,"href":"https:\/\/pascalnoppe.com\/index.php\/wp-json\/wp\/v2\/product_tag?post=1204"}],"curies":[{"name":"wp","href":"https:\/\/api.w.org\/{rel}","templated":true}]}}