{"id":1202,"date":"2021-05-23T11:40:17","date_gmt":"2021-05-23T09:40:17","guid":{"rendered":"http:\/\/pascalnoppe.com\/?post_type=product&#038;p=1202"},"modified":"2021-06-26T16:51:50","modified_gmt":"2021-06-26T14:51:50","slug":"logo-yves-delorme","status":"publish","type":"product","link":"https:\/\/pascalnoppe.com\/index.php\/produit\/logo-yves-delorme\/","title":{"rendered":"Logo Yves Delorme"},"content":{"rendered":"<p>r\u00e9aliser \u00e0 Duba\u00ef, pour opening c\u00e9l\u00e9bration.<\/p>\n<p>Le logo Yves Delorme, r\u00e9aliser pour l&rsquo;ouverture de leur boutique,<\/p>\n<p>des moments inoubliable,<\/p>\n","protected":false},"excerpt":{"rendered":"<p>r\u00e9aliser \u00e0 Duba\u00ef, pour opening c\u00e9l\u00e9bration. Le logo Yves Delorme, r\u00e9aliser pour l&rsquo;ouverture de leur boutique, des moments inoubliable,<\/p>\n","protected":false},"featured_media":1232,"template":"","meta":[],"product_cat":[17,27],"product_tag":[],"_links":{"self":[{"href":"https:\/\/pascalnoppe.com\/index.php\/wp-json\/wp\/v2\/product\/1202"}],"collection":[{"href":"https:\/\/pascalnoppe.com\/index.php\/wp-json\/wp\/v2\/product"}],"about":[{"href":"https:\/\/pascalnoppe.com\/index.php\/wp-json\/wp\/v2\/types\/product"}],"version-history":[{"count":2,"href":"https:\/\/pascalnoppe.com\/index.php\/wp-json\/wp\/v2\/product\/1202\/revisions"}],"predecessor-version":[{"id":1920,"href":"https:\/\/pascalnoppe.com\/index.php\/wp-json\/wp\/v2\/product\/1202\/revisions\/1920"}],"wp:featuredmedia":[{"embeddable":true,"href":"https:\/\/pascalnoppe.com\/index.php\/wp-json\/wp\/v2\/media\/1232"}],"wp:attachment":[{"href":"https:\/\/pascalnoppe.com\/index.php\/wp-json\/wp\/v2\/media?parent=1202"}],"wp:term":[{"taxonomy":"product_cat","embeddable":true,"href":"https:\/\/pascalnoppe.com\/index.php\/wp-json\/wp\/v2\/product_cat?post=1202"},{"taxonomy":"product_tag","embeddable":true,"href":"https:\/\/pascalnoppe.com\/index.php\/wp-json\/wp\/v2\/product_tag?post=1202"}],"curies":[{"name":"wp","href":"https:\/\/api.w.org\/{rel}","templated":true}]}}