{"id":1199,"date":"2021-05-23T11:40:17","date_gmt":"2021-05-23T09:40:17","guid":{"rendered":"http:\/\/pascalnoppe.com\/?post_type=product&#038;p=1199"},"modified":"2021-06-27T11:11:09","modified_gmt":"2021-06-27T09:11:09","slug":"tom-and-jerry","status":"publish","type":"product","link":"https:\/\/pascalnoppe.com\/index.php\/produit\/tom-and-jerry\/","title":{"rendered":"Tom and Jerry , mes pr\u00e9f\u00e9r\u00e9s"},"content":{"rendered":"<p>g\u00e2teau d&rsquo;anniversaire op\u00e9ra pralin\u00e9 de 16 pers, avec Tom and Jerry cartoon r\u00e9aliser \u00e0 Strudels<\/p>\n","protected":false},"excerpt":{"rendered":"<p>g\u00e2teau d&rsquo;anniversaire op\u00e9ra pralin\u00e9 de 16 pers, avec Tom and Jerry cartoon r\u00e9aliser \u00e0 Strudels<\/p>\n","protected":false},"featured_media":1229,"template":"","meta":[],"product_cat":[17,27],"product_tag":[],"_links":{"self":[{"href":"https:\/\/pascalnoppe.com\/index.php\/wp-json\/wp\/v2\/product\/1199"}],"collection":[{"href":"https:\/\/pascalnoppe.com\/index.php\/wp-json\/wp\/v2\/product"}],"about":[{"href":"https:\/\/pascalnoppe.com\/index.php\/wp-json\/wp\/v2\/types\/product"}],"version-history":[{"count":1,"href":"https:\/\/pascalnoppe.com\/index.php\/wp-json\/wp\/v2\/product\/1199\/revisions"}],"predecessor-version":[{"id":1962,"href":"https:\/\/pascalnoppe.com\/index.php\/wp-json\/wp\/v2\/product\/1199\/revisions\/1962"}],"wp:featuredmedia":[{"embeddable":true,"href":"https:\/\/pascalnoppe.com\/index.php\/wp-json\/wp\/v2\/media\/1229"}],"wp:attachment":[{"href":"https:\/\/pascalnoppe.com\/index.php\/wp-json\/wp\/v2\/media?parent=1199"}],"wp:term":[{"taxonomy":"product_cat","embeddable":true,"href":"https:\/\/pascalnoppe.com\/index.php\/wp-json\/wp\/v2\/product_cat?post=1199"},{"taxonomy":"product_tag","embeddable":true,"href":"https:\/\/pascalnoppe.com\/index.php\/wp-json\/wp\/v2\/product_tag?post=1199"}],"curies":[{"name":"wp","href":"https:\/\/api.w.org\/{rel}","templated":true}]}}