{"id":1198,"date":"2021-05-23T11:40:17","date_gmt":"2021-05-23T09:40:17","guid":{"rendered":"http:\/\/pascalnoppe.com\/?post_type=product&#038;p=1198"},"modified":"2021-06-26T16:48:32","modified_gmt":"2021-06-26T14:48:32","slug":"lexotique-gateau-danniversaire-24pers","status":"publish","type":"product","link":"https:\/\/pascalnoppe.com\/index.php\/produit\/lexotique-gateau-danniversaire-24pers\/","title":{"rendered":"l&rsquo;Exotique, g\u00e2teau d&rsquo;anniversaire 24pers"},"content":{"rendered":"<p>l&rsquo;exotique, g\u00e2teau d&rsquo;anniversaire avec d\u00e9cor sp\u00e9cial, ici bateau pirate \u2026<\/p>\n<p>Strudels caf\u00e9, mon style , mon organisation , \u00e0 permis de d\u00e9velopper une gamme de p\u00e2tisserie pour les grandes chaines h\u00f4teli\u00e8res, Sheraton, Shangri-la, Hilton,..<\/p>\n<p>un d\u00e9veloppement rapide et bien contr\u00f4l\u00e9,<\/p>\n<p>&nbsp;<\/p>\n","protected":false},"excerpt":{"rendered":"<p>l&rsquo;exotique, g\u00e2teau d&rsquo;anniversaire avec d\u00e9cor sp\u00e9cial, ici bateau pirate \u2026 Strudels caf\u00e9, mon style , mon organisation , \u00e0 permis de d\u00e9velopper une gamme de p\u00e2tisserie pour les grandes chaines h\u00f4teli\u00e8res, Sheraton, Shangri-la, Hilton,.. un d\u00e9veloppement rapide et bien contr\u00f4l\u00e9, &nbsp;<\/p>\n","protected":false},"featured_media":1228,"template":"","meta":[],"product_cat":[17,27],"product_tag":[],"_links":{"self":[{"href":"https:\/\/pascalnoppe.com\/index.php\/wp-json\/wp\/v2\/product\/1198"}],"collection":[{"href":"https:\/\/pascalnoppe.com\/index.php\/wp-json\/wp\/v2\/product"}],"about":[{"href":"https:\/\/pascalnoppe.com\/index.php\/wp-json\/wp\/v2\/types\/product"}],"version-history":[{"count":2,"href":"https:\/\/pascalnoppe.com\/index.php\/wp-json\/wp\/v2\/product\/1198\/revisions"}],"predecessor-version":[{"id":1916,"href":"https:\/\/pascalnoppe.com\/index.php\/wp-json\/wp\/v2\/product\/1198\/revisions\/1916"}],"wp:featuredmedia":[{"embeddable":true,"href":"https:\/\/pascalnoppe.com\/index.php\/wp-json\/wp\/v2\/media\/1228"}],"wp:attachment":[{"href":"https:\/\/pascalnoppe.com\/index.php\/wp-json\/wp\/v2\/media?parent=1198"}],"wp:term":[{"taxonomy":"product_cat","embeddable":true,"href":"https:\/\/pascalnoppe.com\/index.php\/wp-json\/wp\/v2\/product_cat?post=1198"},{"taxonomy":"product_tag","embeddable":true,"href":"https:\/\/pascalnoppe.com\/index.php\/wp-json\/wp\/v2\/product_tag?post=1198"}],"curies":[{"name":"wp","href":"https:\/\/api.w.org\/{rel}","templated":true}]}}