{"id":1197,"date":"2021-05-23T11:40:17","date_gmt":"2021-05-23T09:40:17","guid":{"rendered":"http:\/\/pascalnoppe.com\/?post_type=product&#038;p=1197"},"modified":"2021-06-26T16:44:16","modified_gmt":"2021-06-26T14:44:16","slug":"gateau-danniversaire-24-pers-le-breteuil","status":"publish","type":"product","link":"https:\/\/pascalnoppe.com\/index.php\/produit\/gateau-danniversaire-24-pers-le-breteuil\/","title":{"rendered":"G\u00e2teau D&rsquo;anniversaire 24 pers, Le Breteuil"},"content":{"rendered":"<p>r\u00e9aliser ici pour 24 pers, g\u00e2teau d&rsquo;anniversaire , le Breteuil , mousse mangue, dacquoise coco, et mousse de coco , gla\u00e7age coco. Strudels, Kuala Lumpur , beaucoup de g\u00e2teau d&rsquo;anniversaire \u00e9taient demand\u00e9, tr\u00e8s populaire.<\/p>\n<p>Les Ann\u00e9es Strudels, La P\u00e2tisserie Fran\u00e7aise, un style, une id\u00e9e, des magasins avec caf\u00e9 et lunch, une petite r\u00e9volution sur le march\u00e9 de Kuala Lumpur.<\/p>\n","protected":false},"excerpt":{"rendered":"<p>r\u00e9aliser ici pour 24 pers, g\u00e2teau d&rsquo;anniversaire , le Breteuil , mousse mangue, dacquoise coco, et mousse de coco , gla\u00e7age coco. Strudels, Kuala Lumpur , beaucoup de g\u00e2teau d&rsquo;anniversaire \u00e9taient demand\u00e9, tr\u00e8s populaire. Les Ann\u00e9es Strudels, La P\u00e2tisserie Fran\u00e7aise, un style, une id\u00e9e, des magasins avec caf\u00e9 et lunch, une petite r\u00e9volution sur le [&hellip;]<\/p>\n","protected":false},"featured_media":1227,"template":"","meta":[],"product_cat":[17,27],"product_tag":[],"_links":{"self":[{"href":"https:\/\/pascalnoppe.com\/index.php\/wp-json\/wp\/v2\/product\/1197"}],"collection":[{"href":"https:\/\/pascalnoppe.com\/index.php\/wp-json\/wp\/v2\/product"}],"about":[{"href":"https:\/\/pascalnoppe.com\/index.php\/wp-json\/wp\/v2\/types\/product"}],"version-history":[{"count":2,"href":"https:\/\/pascalnoppe.com\/index.php\/wp-json\/wp\/v2\/product\/1197\/revisions"}],"predecessor-version":[{"id":1914,"href":"https:\/\/pascalnoppe.com\/index.php\/wp-json\/wp\/v2\/product\/1197\/revisions\/1914"}],"wp:featuredmedia":[{"embeddable":true,"href":"https:\/\/pascalnoppe.com\/index.php\/wp-json\/wp\/v2\/media\/1227"}],"wp:attachment":[{"href":"https:\/\/pascalnoppe.com\/index.php\/wp-json\/wp\/v2\/media?parent=1197"}],"wp:term":[{"taxonomy":"product_cat","embeddable":true,"href":"https:\/\/pascalnoppe.com\/index.php\/wp-json\/wp\/v2\/product_cat?post=1197"},{"taxonomy":"product_tag","embeddable":true,"href":"https:\/\/pascalnoppe.com\/index.php\/wp-json\/wp\/v2\/product_tag?post=1197"}],"curies":[{"name":"wp","href":"https:\/\/api.w.org\/{rel}","templated":true}]}}