{"id":1196,"date":"2021-05-23T11:40:17","date_gmt":"2021-05-23T09:40:17","guid":{"rendered":"http:\/\/pascalnoppe.com\/?post_type=product&#038;p=1196"},"modified":"2021-06-26T16:40:52","modified_gmt":"2021-06-26T14:40:52","slug":"gateau-de-mariage-5","status":"publish","type":"product","link":"https:\/\/pascalnoppe.com\/index.php\/produit\/gateau-de-mariage-5\/","title":{"rendered":"G\u00e2teau de Mariage"},"content":{"rendered":"<p>Encore Duba\u00ef, r\u00e9alisation d&rsquo;un g\u00e2teau de mariage, style Am\u00e9ricain, style beaucoup demand\u00e9 sur Duba\u00ef, d\u00e9cor\u00e9 avec des roses naturelles.<\/p>\n<p>P\u00e2te \u00e0 sucre, perle argent , un ruban , sobre , \u00e9l\u00e9gant.<\/p>\n","protected":false},"excerpt":{"rendered":"<p>Encore Duba\u00ef, r\u00e9alisation d&rsquo;un g\u00e2teau de mariage, style Am\u00e9ricain, style beaucoup demand\u00e9 sur Duba\u00ef, d\u00e9cor\u00e9 avec des roses naturelles. P\u00e2te \u00e0 sucre, perle argent , un ruban , sobre , \u00e9l\u00e9gant.<\/p>\n","protected":false},"featured_media":1226,"template":"","meta":[],"product_cat":[17,27],"product_tag":[],"_links":{"self":[{"href":"https:\/\/pascalnoppe.com\/index.php\/wp-json\/wp\/v2\/product\/1196"}],"collection":[{"href":"https:\/\/pascalnoppe.com\/index.php\/wp-json\/wp\/v2\/product"}],"about":[{"href":"https:\/\/pascalnoppe.com\/index.php\/wp-json\/wp\/v2\/types\/product"}],"version-history":[{"count":2,"href":"https:\/\/pascalnoppe.com\/index.php\/wp-json\/wp\/v2\/product\/1196\/revisions"}],"predecessor-version":[{"id":1912,"href":"https:\/\/pascalnoppe.com\/index.php\/wp-json\/wp\/v2\/product\/1196\/revisions\/1912"}],"wp:featuredmedia":[{"embeddable":true,"href":"https:\/\/pascalnoppe.com\/index.php\/wp-json\/wp\/v2\/media\/1226"}],"wp:attachment":[{"href":"https:\/\/pascalnoppe.com\/index.php\/wp-json\/wp\/v2\/media?parent=1196"}],"wp:term":[{"taxonomy":"product_cat","embeddable":true,"href":"https:\/\/pascalnoppe.com\/index.php\/wp-json\/wp\/v2\/product_cat?post=1196"},{"taxonomy":"product_tag","embeddable":true,"href":"https:\/\/pascalnoppe.com\/index.php\/wp-json\/wp\/v2\/product_tag?post=1196"}],"curies":[{"name":"wp","href":"https:\/\/api.w.org\/{rel}","templated":true}]}}