{"id":1195,"date":"2021-05-23T11:40:17","date_gmt":"2021-05-23T09:40:17","guid":{"rendered":"http:\/\/pascalnoppe.com\/?post_type=product&#038;p=1195"},"modified":"2021-06-26T16:39:12","modified_gmt":"2021-06-26T14:39:12","slug":"peter-pan","status":"publish","type":"product","link":"https:\/\/pascalnoppe.com\/index.php\/produit\/peter-pan\/","title":{"rendered":"Peter pan"},"content":{"rendered":"<p>Peter pan r\u00e9aliser ici sur un entremet de 24 pers, pour un client \u00e0 Duba\u00ef, dessin r\u00e9aliser \u00e0 la main et colori\u00e9 \u00e0 l&rsquo;a\u00e9rographe\u2026<\/p>\n<p>F\u00e9e clochette ,<\/p>\n","protected":false},"excerpt":{"rendered":"<p>Peter pan r\u00e9aliser ici sur un entremet de 24 pers, pour un client \u00e0 Duba\u00ef, dessin r\u00e9aliser \u00e0 la main et colori\u00e9 \u00e0 l&rsquo;a\u00e9rographe\u2026 F\u00e9e clochette ,<\/p>\n","protected":false},"featured_media":1225,"template":"","meta":[],"product_cat":[17,27],"product_tag":[],"_links":{"self":[{"href":"https:\/\/pascalnoppe.com\/index.php\/wp-json\/wp\/v2\/product\/1195"}],"collection":[{"href":"https:\/\/pascalnoppe.com\/index.php\/wp-json\/wp\/v2\/product"}],"about":[{"href":"https:\/\/pascalnoppe.com\/index.php\/wp-json\/wp\/v2\/types\/product"}],"version-history":[{"count":2,"href":"https:\/\/pascalnoppe.com\/index.php\/wp-json\/wp\/v2\/product\/1195\/revisions"}],"predecessor-version":[{"id":1910,"href":"https:\/\/pascalnoppe.com\/index.php\/wp-json\/wp\/v2\/product\/1195\/revisions\/1910"}],"wp:featuredmedia":[{"embeddable":true,"href":"https:\/\/pascalnoppe.com\/index.php\/wp-json\/wp\/v2\/media\/1225"}],"wp:attachment":[{"href":"https:\/\/pascalnoppe.com\/index.php\/wp-json\/wp\/v2\/media?parent=1195"}],"wp:term":[{"taxonomy":"product_cat","embeddable":true,"href":"https:\/\/pascalnoppe.com\/index.php\/wp-json\/wp\/v2\/product_cat?post=1195"},{"taxonomy":"product_tag","embeddable":true,"href":"https:\/\/pascalnoppe.com\/index.php\/wp-json\/wp\/v2\/product_tag?post=1195"}],"curies":[{"name":"wp","href":"https:\/\/api.w.org\/{rel}","templated":true}]}}