{"id":1164,"date":"2021-05-23T11:40:03","date_gmt":"2021-05-23T09:40:03","guid":{"rendered":"http:\/\/pascalnoppe.com\/?post_type=product&#038;p=1164"},"modified":"2021-06-26T17:11:17","modified_gmt":"2021-06-26T15:11:17","slug":"dragon-en-pastillage","status":"publish","type":"product","link":"https:\/\/pascalnoppe.com\/index.php\/produit\/dragon-en-pastillage\/","title":{"rendered":"Dragon en pastillage"},"content":{"rendered":"<p>un dragon r\u00e9aliser en pastillage pour un Anniversaire d&rsquo;un client Chinois ici \u00e0 Kuala Lumpur. pi\u00e8ce centrale pour un entremet de 48 pers.<\/p>\n<p>Strudels caf\u00e9, une demande urgente pour un client tr\u00e8s exigent .,<\/p>\n","protected":false},"excerpt":{"rendered":"<p>un dragon r\u00e9aliser en pastillage pour un Anniversaire d&rsquo;un client Chinois ici \u00e0 Kuala Lumpur. pi\u00e8ce centrale pour un entremet de 48 pers. Strudels caf\u00e9, une demande urgente pour un client tr\u00e8s exigent .,<\/p>\n","protected":false},"featured_media":1194,"template":"","meta":[],"product_cat":[17,27],"product_tag":[],"_links":{"self":[{"href":"https:\/\/pascalnoppe.com\/index.php\/wp-json\/wp\/v2\/product\/1164"}],"collection":[{"href":"https:\/\/pascalnoppe.com\/index.php\/wp-json\/wp\/v2\/product"}],"about":[{"href":"https:\/\/pascalnoppe.com\/index.php\/wp-json\/wp\/v2\/types\/product"}],"version-history":[{"count":2,"href":"https:\/\/pascalnoppe.com\/index.php\/wp-json\/wp\/v2\/product\/1164\/revisions"}],"predecessor-version":[{"id":1933,"href":"https:\/\/pascalnoppe.com\/index.php\/wp-json\/wp\/v2\/product\/1164\/revisions\/1933"}],"wp:featuredmedia":[{"embeddable":true,"href":"https:\/\/pascalnoppe.com\/index.php\/wp-json\/wp\/v2\/media\/1194"}],"wp:attachment":[{"href":"https:\/\/pascalnoppe.com\/index.php\/wp-json\/wp\/v2\/media?parent=1164"}],"wp:term":[{"taxonomy":"product_cat","embeddable":true,"href":"https:\/\/pascalnoppe.com\/index.php\/wp-json\/wp\/v2\/product_cat?post=1164"},{"taxonomy":"product_tag","embeddable":true,"href":"https:\/\/pascalnoppe.com\/index.php\/wp-json\/wp\/v2\/product_tag?post=1164"}],"curies":[{"name":"wp","href":"https:\/\/api.w.org\/{rel}","templated":true}]}}