{"id":1163,"date":"2021-05-23T11:40:03","date_gmt":"2021-05-23T09:40:03","guid":{"rendered":"http:\/\/pascalnoppe.com\/?post_type=product&#038;p=1163"},"modified":"2021-06-26T17:09:55","modified_gmt":"2021-06-26T15:09:55","slug":"opera-chocolat-noir-et-cygne-en-sucre-soufle","status":"publish","type":"product","link":"https:\/\/pascalnoppe.com\/index.php\/produit\/opera-chocolat-noir-et-cygne-en-sucre-soufle\/","title":{"rendered":"Op\u00e9ra chocolat noir et cygne en sucre soufl\u00e9"},"content":{"rendered":"<p>op\u00e9ra chocolat noir, biscuit sacher, ganache chocolat noir, sirop Grand-Marnier, d\u00e9cor cygne en sucre souffl\u00e9.<\/p>\n<p>Le Caire, pour le Sheraton,<\/p>\n","protected":false},"excerpt":{"rendered":"<p>op\u00e9ra chocolat noir, biscuit sacher, ganache chocolat noir, sirop Grand-Marnier, d\u00e9cor cygne en sucre souffl\u00e9. Le Caire, pour le Sheraton,<\/p>\n","protected":false},"featured_media":1193,"template":"","meta":[],"product_cat":[17,27],"product_tag":[],"_links":{"self":[{"href":"https:\/\/pascalnoppe.com\/index.php\/wp-json\/wp\/v2\/product\/1163"}],"collection":[{"href":"https:\/\/pascalnoppe.com\/index.php\/wp-json\/wp\/v2\/product"}],"about":[{"href":"https:\/\/pascalnoppe.com\/index.php\/wp-json\/wp\/v2\/types\/product"}],"version-history":[{"count":1,"href":"https:\/\/pascalnoppe.com\/index.php\/wp-json\/wp\/v2\/product\/1163\/revisions"}],"predecessor-version":[{"id":1931,"href":"https:\/\/pascalnoppe.com\/index.php\/wp-json\/wp\/v2\/product\/1163\/revisions\/1931"}],"wp:featuredmedia":[{"embeddable":true,"href":"https:\/\/pascalnoppe.com\/index.php\/wp-json\/wp\/v2\/media\/1193"}],"wp:attachment":[{"href":"https:\/\/pascalnoppe.com\/index.php\/wp-json\/wp\/v2\/media?parent=1163"}],"wp:term":[{"taxonomy":"product_cat","embeddable":true,"href":"https:\/\/pascalnoppe.com\/index.php\/wp-json\/wp\/v2\/product_cat?post=1163"},{"taxonomy":"product_tag","embeddable":true,"href":"https:\/\/pascalnoppe.com\/index.php\/wp-json\/wp\/v2\/product_tag?post=1163"}],"curies":[{"name":"wp","href":"https:\/\/api.w.org\/{rel}","templated":true}]}}