{"id":1161,"date":"2021-05-23T11:40:03","date_gmt":"2021-05-23T09:40:03","guid":{"rendered":"http:\/\/pascalnoppe.com\/?post_type=product&#038;p=1161"},"modified":"2021-06-26T17:08:15","modified_gmt":"2021-06-26T15:08:15","slug":"joueur-de-football","status":"publish","type":"product","link":"https:\/\/pascalnoppe.com\/index.php\/produit\/joueur-de-football\/","title":{"rendered":"Joueur de football"},"content":{"rendered":"<p>r\u00e9aliser en pastillage, ici \u00e0 Duba\u00ef, pour Len\u00f4tre, pi\u00e8ce centrale pour un entremet de 32 pers\u2026<\/p>\n<p>Len\u00f4tre Duba\u00ef ou j&rsquo;ai organiser toute l&rsquo;ouverture et la mise en marche et le d\u00e9veloppement pendant 2 ans avant de revenir pour la France , et Chantilly ,<\/p>\n","protected":false},"excerpt":{"rendered":"<p>r\u00e9aliser en pastillage, ici \u00e0 Duba\u00ef, pour Len\u00f4tre, pi\u00e8ce centrale pour un entremet de 32 pers\u2026 Len\u00f4tre Duba\u00ef ou j&rsquo;ai organiser toute l&rsquo;ouverture et la mise en marche et le d\u00e9veloppement pendant 2 ans avant de revenir pour la France , et Chantilly ,<\/p>\n","protected":false},"featured_media":1191,"template":"","meta":[],"product_cat":[17,27],"product_tag":[],"_links":{"self":[{"href":"https:\/\/pascalnoppe.com\/index.php\/wp-json\/wp\/v2\/product\/1161"}],"collection":[{"href":"https:\/\/pascalnoppe.com\/index.php\/wp-json\/wp\/v2\/product"}],"about":[{"href":"https:\/\/pascalnoppe.com\/index.php\/wp-json\/wp\/v2\/types\/product"}],"version-history":[{"count":2,"href":"https:\/\/pascalnoppe.com\/index.php\/wp-json\/wp\/v2\/product\/1161\/revisions"}],"predecessor-version":[{"id":1930,"href":"https:\/\/pascalnoppe.com\/index.php\/wp-json\/wp\/v2\/product\/1161\/revisions\/1930"}],"wp:featuredmedia":[{"embeddable":true,"href":"https:\/\/pascalnoppe.com\/index.php\/wp-json\/wp\/v2\/media\/1191"}],"wp:attachment":[{"href":"https:\/\/pascalnoppe.com\/index.php\/wp-json\/wp\/v2\/media?parent=1161"}],"wp:term":[{"taxonomy":"product_cat","embeddable":true,"href":"https:\/\/pascalnoppe.com\/index.php\/wp-json\/wp\/v2\/product_cat?post=1161"},{"taxonomy":"product_tag","embeddable":true,"href":"https:\/\/pascalnoppe.com\/index.php\/wp-json\/wp\/v2\/product_tag?post=1161"}],"curies":[{"name":"wp","href":"https:\/\/api.w.org\/{rel}","templated":true}]}}