{"id":1160,"date":"2021-05-23T11:40:03","date_gmt":"2021-05-23T09:40:03","guid":{"rendered":"http:\/\/pascalnoppe.com\/?post_type=product&#038;p=1160"},"modified":"2021-06-26T17:06:02","modified_gmt":"2021-06-26T15:06:02","slug":"gateau-de-mariage-pour-le-prince-hotel-kuala-lumpur-4","status":"publish","type":"product","link":"https:\/\/pascalnoppe.com\/index.php\/produit\/gateau-de-mariage-pour-le-prince-hotel-kuala-lumpur-4\/","title":{"rendered":"G\u00e2teau de Mariage"},"content":{"rendered":"<p>r\u00e9aliser pour le Prince h\u00f4tel, Kuala Lumpur, style am\u00e9ricain\u2026<\/p>\n<p>Pour les banquets, mon exp\u00e9rience dans les Hotels InterContinental de S\u00e9oul, Shangri-la Singapour, Sheraton le Caire, me permettait de d\u00e9velopper les march\u00e9s avec une rapidit\u00e9 , et une facilit\u00e9 de vendre un produits directement aux personnes concern\u00e9s , les Chefs, et directeur de la restauration,<\/p>\n","protected":false},"excerpt":{"rendered":"<p>r\u00e9aliser pour le Prince h\u00f4tel, Kuala Lumpur, style am\u00e9ricain\u2026 Pour les banquets, mon exp\u00e9rience dans les Hotels InterContinental de S\u00e9oul, Shangri-la Singapour, Sheraton le Caire, me permettait de d\u00e9velopper les march\u00e9s avec une rapidit\u00e9 , et une facilit\u00e9 de vendre un produits directement aux personnes concern\u00e9s , les Chefs, et directeur de la restauration,<\/p>\n","protected":false},"featured_media":1190,"template":"","meta":[],"product_cat":[17,27],"product_tag":[],"_links":{"self":[{"href":"https:\/\/pascalnoppe.com\/index.php\/wp-json\/wp\/v2\/product\/1160"}],"collection":[{"href":"https:\/\/pascalnoppe.com\/index.php\/wp-json\/wp\/v2\/product"}],"about":[{"href":"https:\/\/pascalnoppe.com\/index.php\/wp-json\/wp\/v2\/types\/product"}],"version-history":[{"count":2,"href":"https:\/\/pascalnoppe.com\/index.php\/wp-json\/wp\/v2\/product\/1160\/revisions"}],"predecessor-version":[{"id":1928,"href":"https:\/\/pascalnoppe.com\/index.php\/wp-json\/wp\/v2\/product\/1160\/revisions\/1928"}],"wp:featuredmedia":[{"embeddable":true,"href":"https:\/\/pascalnoppe.com\/index.php\/wp-json\/wp\/v2\/media\/1190"}],"wp:attachment":[{"href":"https:\/\/pascalnoppe.com\/index.php\/wp-json\/wp\/v2\/media?parent=1160"}],"wp:term":[{"taxonomy":"product_cat","embeddable":true,"href":"https:\/\/pascalnoppe.com\/index.php\/wp-json\/wp\/v2\/product_cat?post=1160"},{"taxonomy":"product_tag","embeddable":true,"href":"https:\/\/pascalnoppe.com\/index.php\/wp-json\/wp\/v2\/product_tag?post=1160"}],"curies":[{"name":"wp","href":"https:\/\/api.w.org\/{rel}","templated":true}]}}