{"id":1159,"date":"2021-05-23T11:40:03","date_gmt":"2021-05-23T09:40:03","guid":{"rendered":"http:\/\/pascalnoppe.com\/?post_type=product&#038;p=1159"},"modified":"2021-06-26T16:59:36","modified_gmt":"2021-06-26T14:59:36","slug":"cascadine-pour-un-anniversaire","status":"publish","type":"product","link":"https:\/\/pascalnoppe.com\/index.php\/produit\/cascadine-pour-un-anniversaire\/","title":{"rendered":"Cascadine pour un Anniversaire"},"content":{"rendered":"<p>ici pr\u00e9sentation d&rsquo;une cascadine, avec entremets s\u00e9lection, d\u00e9cor \u00e0 l&rsquo;occasion ici pour un Musicien,<\/p>\n<p>Son Anniversaire, Strudels caf\u00e9,<\/p>\n","protected":false},"excerpt":{"rendered":"<p>ici pr\u00e9sentation d&rsquo;une cascadine, avec entremets s\u00e9lection, d\u00e9cor \u00e0 l&rsquo;occasion ici pour un Musicien, Son Anniversaire, Strudels caf\u00e9,<\/p>\n","protected":false},"featured_media":1189,"template":"","meta":[],"product_cat":[17,27],"product_tag":[],"_links":{"self":[{"href":"https:\/\/pascalnoppe.com\/index.php\/wp-json\/wp\/v2\/product\/1159"}],"collection":[{"href":"https:\/\/pascalnoppe.com\/index.php\/wp-json\/wp\/v2\/product"}],"about":[{"href":"https:\/\/pascalnoppe.com\/index.php\/wp-json\/wp\/v2\/types\/product"}],"version-history":[{"count":2,"href":"https:\/\/pascalnoppe.com\/index.php\/wp-json\/wp\/v2\/product\/1159\/revisions"}],"predecessor-version":[{"id":1926,"href":"https:\/\/pascalnoppe.com\/index.php\/wp-json\/wp\/v2\/product\/1159\/revisions\/1926"}],"wp:featuredmedia":[{"embeddable":true,"href":"https:\/\/pascalnoppe.com\/index.php\/wp-json\/wp\/v2\/media\/1189"}],"wp:attachment":[{"href":"https:\/\/pascalnoppe.com\/index.php\/wp-json\/wp\/v2\/media?parent=1159"}],"wp:term":[{"taxonomy":"product_cat","embeddable":true,"href":"https:\/\/pascalnoppe.com\/index.php\/wp-json\/wp\/v2\/product_cat?post=1159"},{"taxonomy":"product_tag","embeddable":true,"href":"https:\/\/pascalnoppe.com\/index.php\/wp-json\/wp\/v2\/product_tag?post=1159"}],"curies":[{"name":"wp","href":"https:\/\/api.w.org\/{rel}","templated":true}]}}