{"id":1158,"date":"2021-05-23T11:40:02","date_gmt":"2021-05-23T09:40:02","guid":{"rendered":"http:\/\/pascalnoppe.com\/?post_type=product&#038;p=1158"},"modified":"2021-06-26T20:42:50","modified_gmt":"2021-06-26T18:42:50","slug":"celebration-pour-bapteme-aux-emirats","status":"publish","type":"product","link":"https:\/\/pascalnoppe.com\/index.php\/produit\/celebration-pour-bapteme-aux-emirats\/","title":{"rendered":"C\u00e9l\u00e9bration pour B\u00e2pt\u00e8me aux Emirats"},"content":{"rendered":"<p>coutume dans les Emirats, pour un nouveau n\u00e9, on organise selon le nombre d&rsquo;invit\u00e9, chacun repars avec son petit g\u00e2teaux pour 3 pers, envelopper avec un ruban.<\/p>\n<p>Duba\u00ef, j&rsquo;avais le plaisir de r\u00e9aliser beaucoup de commande tr\u00e8s sp\u00e9cial pour nos clients exigeant, une excellente exp\u00e9rience avec plein de souvenirs gourmands,<\/p>\n","protected":false},"excerpt":{"rendered":"<p>coutume dans les Emirats, pour un nouveau n\u00e9, on organise selon le nombre d&rsquo;invit\u00e9, chacun repars avec son petit g\u00e2teaux pour 3 pers, envelopper avec un ruban. Duba\u00ef, j&rsquo;avais le plaisir de r\u00e9aliser beaucoup de commande tr\u00e8s sp\u00e9cial pour nos clients exigeant, une excellente exp\u00e9rience avec plein de souvenirs gourmands,<\/p>\n","protected":false},"featured_media":1188,"template":"","meta":[],"product_cat":[17,27],"product_tag":[],"_links":{"self":[{"href":"https:\/\/pascalnoppe.com\/index.php\/wp-json\/wp\/v2\/product\/1158"}],"collection":[{"href":"https:\/\/pascalnoppe.com\/index.php\/wp-json\/wp\/v2\/product"}],"about":[{"href":"https:\/\/pascalnoppe.com\/index.php\/wp-json\/wp\/v2\/types\/product"}],"version-history":[{"count":2,"href":"https:\/\/pascalnoppe.com\/index.php\/wp-json\/wp\/v2\/product\/1158\/revisions"}],"predecessor-version":[{"id":1944,"href":"https:\/\/pascalnoppe.com\/index.php\/wp-json\/wp\/v2\/product\/1158\/revisions\/1944"}],"wp:featuredmedia":[{"embeddable":true,"href":"https:\/\/pascalnoppe.com\/index.php\/wp-json\/wp\/v2\/media\/1188"}],"wp:attachment":[{"href":"https:\/\/pascalnoppe.com\/index.php\/wp-json\/wp\/v2\/media?parent=1158"}],"wp:term":[{"taxonomy":"product_cat","embeddable":true,"href":"https:\/\/pascalnoppe.com\/index.php\/wp-json\/wp\/v2\/product_cat?post=1158"},{"taxonomy":"product_tag","embeddable":true,"href":"https:\/\/pascalnoppe.com\/index.php\/wp-json\/wp\/v2\/product_tag?post=1158"}],"curies":[{"name":"wp","href":"https:\/\/api.w.org\/{rel}","templated":true}]}}