{"id":1157,"date":"2021-05-23T11:40:02","date_gmt":"2021-05-23T09:40:02","guid":{"rendered":"http:\/\/pascalnoppe.com\/?post_type=product&#038;p=1157"},"modified":"2021-06-26T20:40:27","modified_gmt":"2021-06-26T18:40:27","slug":"piece-montee-de-3-etages","status":"publish","type":"product","link":"https:\/\/pascalnoppe.com\/index.php\/produit\/piece-montee-de-3-etages\/","title":{"rendered":"Pi\u00e8ce mont\u00e9e de 3 \u00e9tages"},"content":{"rendered":"<p>les croquembouche sur 2, 3 \u00e9tages , une sp\u00e9cialit\u00e9 de Pascal Noppe , un Prestige de pr\u00e9sentation qui fait effet le moment venu,<\/p>\n<p>on \u00e9tait \u00e0 l&rsquo;hippodrome de Chantilly ,<\/p>\n","protected":false},"excerpt":{"rendered":"<p>les croquembouche sur 2, 3 \u00e9tages , une sp\u00e9cialit\u00e9 de Pascal Noppe , un Prestige de pr\u00e9sentation qui fait effet le moment venu, on \u00e9tait \u00e0 l&rsquo;hippodrome de Chantilly ,<\/p>\n","protected":false},"featured_media":1187,"template":"","meta":[],"product_cat":[17,27],"product_tag":[],"_links":{"self":[{"href":"https:\/\/pascalnoppe.com\/index.php\/wp-json\/wp\/v2\/product\/1157"}],"collection":[{"href":"https:\/\/pascalnoppe.com\/index.php\/wp-json\/wp\/v2\/product"}],"about":[{"href":"https:\/\/pascalnoppe.com\/index.php\/wp-json\/wp\/v2\/types\/product"}],"version-history":[{"count":1,"href":"https:\/\/pascalnoppe.com\/index.php\/wp-json\/wp\/v2\/product\/1157\/revisions"}],"predecessor-version":[{"id":1942,"href":"https:\/\/pascalnoppe.com\/index.php\/wp-json\/wp\/v2\/product\/1157\/revisions\/1942"}],"wp:featuredmedia":[{"embeddable":true,"href":"https:\/\/pascalnoppe.com\/index.php\/wp-json\/wp\/v2\/media\/1187"}],"wp:attachment":[{"href":"https:\/\/pascalnoppe.com\/index.php\/wp-json\/wp\/v2\/media?parent=1157"}],"wp:term":[{"taxonomy":"product_cat","embeddable":true,"href":"https:\/\/pascalnoppe.com\/index.php\/wp-json\/wp\/v2\/product_cat?post=1157"},{"taxonomy":"product_tag","embeddable":true,"href":"https:\/\/pascalnoppe.com\/index.php\/wp-json\/wp\/v2\/product_tag?post=1157"}],"curies":[{"name":"wp","href":"https:\/\/api.w.org\/{rel}","templated":true}]}}