{"id":1156,"date":"2021-05-23T11:40:02","date_gmt":"2021-05-23T09:40:02","guid":{"rendered":"http:\/\/pascalnoppe.com\/?post_type=product&#038;p=1156"},"modified":"2021-06-26T20:39:14","modified_gmt":"2021-06-26T18:39:14","slug":"presentation-piece-de-prestige","status":"publish","type":"product","link":"https:\/\/pascalnoppe.com\/index.php\/produit\/presentation-piece-de-prestige\/","title":{"rendered":"Pr\u00e9sentation pi\u00e8ce de prestige"},"content":{"rendered":"<p>pr\u00e9sentation entremets , avec croquembouche sur 2 \u00e9tages.<\/p>\n<p>Une belle pi\u00e8ce, un choix d&rsquo;entremets ,un Beau Mariage,<\/p>\n","protected":false},"excerpt":{"rendered":"<p>pr\u00e9sentation entremets , avec croquembouche sur 2 \u00e9tages. Une belle pi\u00e8ce, un choix d&rsquo;entremets ,un Beau Mariage,<\/p>\n","protected":false},"featured_media":1186,"template":"","meta":[],"product_cat":[17,27],"product_tag":[],"_links":{"self":[{"href":"https:\/\/pascalnoppe.com\/index.php\/wp-json\/wp\/v2\/product\/1156"}],"collection":[{"href":"https:\/\/pascalnoppe.com\/index.php\/wp-json\/wp\/v2\/product"}],"about":[{"href":"https:\/\/pascalnoppe.com\/index.php\/wp-json\/wp\/v2\/types\/product"}],"version-history":[{"count":2,"href":"https:\/\/pascalnoppe.com\/index.php\/wp-json\/wp\/v2\/product\/1156\/revisions"}],"predecessor-version":[{"id":1941,"href":"https:\/\/pascalnoppe.com\/index.php\/wp-json\/wp\/v2\/product\/1156\/revisions\/1941"}],"wp:featuredmedia":[{"embeddable":true,"href":"https:\/\/pascalnoppe.com\/index.php\/wp-json\/wp\/v2\/media\/1186"}],"wp:attachment":[{"href":"https:\/\/pascalnoppe.com\/index.php\/wp-json\/wp\/v2\/media?parent=1156"}],"wp:term":[{"taxonomy":"product_cat","embeddable":true,"href":"https:\/\/pascalnoppe.com\/index.php\/wp-json\/wp\/v2\/product_cat?post=1156"},{"taxonomy":"product_tag","embeddable":true,"href":"https:\/\/pascalnoppe.com\/index.php\/wp-json\/wp\/v2\/product_tag?post=1156"}],"curies":[{"name":"wp","href":"https:\/\/api.w.org\/{rel}","templated":true}]}}