{"id":1155,"date":"2021-05-23T11:40:02","date_gmt":"2021-05-23T09:40:02","guid":{"rendered":"http:\/\/pascalnoppe.com\/?post_type=product&#038;p=1155"},"modified":"2021-06-26T20:35:41","modified_gmt":"2021-06-26T18:35:41","slug":"mille-feuille-glace-pour-24-pers","status":"publish","type":"product","link":"https:\/\/pascalnoppe.com\/index.php\/produit\/mille-feuille-glace-pour-24-pers\/","title":{"rendered":"Mille feuille glac\u00e9 pour 24 pers"},"content":{"rendered":"<p>d\u00e9licieux mille feuille croquant a souhait, \u00e0 la cr\u00e8me p\u00e2tissi\u00e8re vanille, glac\u00e9 fondant.<\/p>\n<p>un feuilletage caram\u00e9lis\u00e9 a souhait, un classique avec une cr\u00e8me p\u00e2tissi\u00e8re goutteuse, tout simplement,<\/p>\n","protected":false},"excerpt":{"rendered":"<p>d\u00e9licieux mille feuille croquant a souhait, \u00e0 la cr\u00e8me p\u00e2tissi\u00e8re vanille, glac\u00e9 fondant. un feuilletage caram\u00e9lis\u00e9 a souhait, un classique avec une cr\u00e8me p\u00e2tissi\u00e8re goutteuse, tout simplement,<\/p>\n","protected":false},"featured_media":1185,"template":"","meta":[],"product_cat":[17,27],"product_tag":[],"_links":{"self":[{"href":"https:\/\/pascalnoppe.com\/index.php\/wp-json\/wp\/v2\/product\/1155"}],"collection":[{"href":"https:\/\/pascalnoppe.com\/index.php\/wp-json\/wp\/v2\/product"}],"about":[{"href":"https:\/\/pascalnoppe.com\/index.php\/wp-json\/wp\/v2\/types\/product"}],"version-history":[{"count":2,"href":"https:\/\/pascalnoppe.com\/index.php\/wp-json\/wp\/v2\/product\/1155\/revisions"}],"predecessor-version":[{"id":1939,"href":"https:\/\/pascalnoppe.com\/index.php\/wp-json\/wp\/v2\/product\/1155\/revisions\/1939"}],"wp:featuredmedia":[{"embeddable":true,"href":"https:\/\/pascalnoppe.com\/index.php\/wp-json\/wp\/v2\/media\/1185"}],"wp:attachment":[{"href":"https:\/\/pascalnoppe.com\/index.php\/wp-json\/wp\/v2\/media?parent=1155"}],"wp:term":[{"taxonomy":"product_cat","embeddable":true,"href":"https:\/\/pascalnoppe.com\/index.php\/wp-json\/wp\/v2\/product_cat?post=1155"},{"taxonomy":"product_tag","embeddable":true,"href":"https:\/\/pascalnoppe.com\/index.php\/wp-json\/wp\/v2\/product_tag?post=1155"}],"curies":[{"name":"wp","href":"https:\/\/api.w.org\/{rel}","templated":true}]}}