{"id":1153,"date":"2021-05-23T11:40:02","date_gmt":"2021-05-23T09:40:02","guid":{"rendered":"http:\/\/pascalnoppe.com\/?post_type=product&#038;p=1153"},"modified":"2021-06-26T20:51:02","modified_gmt":"2021-06-26T18:51:02","slug":"livre-ouvert-pour-bapteme","status":"publish","type":"product","link":"https:\/\/pascalnoppe.com\/index.php\/produit\/livre-ouvert-pour-bapteme\/","title":{"rendered":"Livre ouvert pour b\u00e2pt\u00e8me"},"content":{"rendered":"<p>livre ouvert r\u00e9aliser pour un Bapt\u00eame, d\u00e9cor\u00e9 et pr\u00e9sent\u00e9 pour l&rsquo;occasion.<\/p>\n<p>on est sur un g\u00e2teau d&rsquo;antan, comme un fraisier , recouvert de p\u00e2te \u00e0 sucre, et d\u00e9corer pour l&rsquo;occasion,<\/p>\n","protected":false},"excerpt":{"rendered":"<p>livre ouvert r\u00e9aliser pour un Bapt\u00eame, d\u00e9cor\u00e9 et pr\u00e9sent\u00e9 pour l&rsquo;occasion. on est sur un g\u00e2teau d&rsquo;antan, comme un fraisier , recouvert de p\u00e2te \u00e0 sucre, et d\u00e9corer pour l&rsquo;occasion,<\/p>\n","protected":false},"featured_media":1183,"template":"","meta":[],"product_cat":[17,27],"product_tag":[],"_links":{"self":[{"href":"https:\/\/pascalnoppe.com\/index.php\/wp-json\/wp\/v2\/product\/1153"}],"collection":[{"href":"https:\/\/pascalnoppe.com\/index.php\/wp-json\/wp\/v2\/product"}],"about":[{"href":"https:\/\/pascalnoppe.com\/index.php\/wp-json\/wp\/v2\/types\/product"}],"version-history":[{"count":2,"href":"https:\/\/pascalnoppe.com\/index.php\/wp-json\/wp\/v2\/product\/1153\/revisions"}],"predecessor-version":[{"id":1950,"href":"https:\/\/pascalnoppe.com\/index.php\/wp-json\/wp\/v2\/product\/1153\/revisions\/1950"}],"wp:featuredmedia":[{"embeddable":true,"href":"https:\/\/pascalnoppe.com\/index.php\/wp-json\/wp\/v2\/media\/1183"}],"wp:attachment":[{"href":"https:\/\/pascalnoppe.com\/index.php\/wp-json\/wp\/v2\/media?parent=1153"}],"wp:term":[{"taxonomy":"product_cat","embeddable":true,"href":"https:\/\/pascalnoppe.com\/index.php\/wp-json\/wp\/v2\/product_cat?post=1153"},{"taxonomy":"product_tag","embeddable":true,"href":"https:\/\/pascalnoppe.com\/index.php\/wp-json\/wp\/v2\/product_tag?post=1153"}],"curies":[{"name":"wp","href":"https:\/\/api.w.org\/{rel}","templated":true}]}}