{"id":1151,"date":"2021-05-23T11:40:02","date_gmt":"2021-05-23T09:40:02","guid":{"rendered":"http:\/\/pascalnoppe.com\/?post_type=product&#038;p=1151"},"modified":"2021-05-23T11:40:10","modified_gmt":"2021-05-23T09:40:10","slug":"gateau-danniversaire-de-32-pers","status":"publish","type":"product","link":"https:\/\/pascalnoppe.com\/index.php\/produit\/gateau-danniversaire-de-32-pers\/","title":{"rendered":"G\u00e2teau d&rsquo;anniversaire de 32 pers"},"content":{"rendered":"<p>r\u00e9alisation d&rsquo;un g\u00e2teau d&rsquo;anniversaire, ici \u00e0 l&rsquo;occasion et \u00e0 la demande du client, avec pr\u00e9sentation d&rsquo;une geisha en pastillage.<\/p>\n","protected":false},"excerpt":{"rendered":"<p>r\u00e9alisation d&rsquo;un g\u00e2teau d&rsquo;anniversaire, ici \u00e0 l&rsquo;occasion et \u00e0 la demande du client, avec pr\u00e9sentation d&rsquo;une geisha en pastillage.<\/p>\n","protected":false},"featured_media":1181,"template":"","meta":[],"product_cat":[17,27],"product_tag":[],"_links":{"self":[{"href":"https:\/\/pascalnoppe.com\/index.php\/wp-json\/wp\/v2\/product\/1151"}],"collection":[{"href":"https:\/\/pascalnoppe.com\/index.php\/wp-json\/wp\/v2\/product"}],"about":[{"href":"https:\/\/pascalnoppe.com\/index.php\/wp-json\/wp\/v2\/types\/product"}],"version-history":[{"count":1,"href":"https:\/\/pascalnoppe.com\/index.php\/wp-json\/wp\/v2\/product\/1151\/revisions"}],"predecessor-version":[{"id":1934,"href":"https:\/\/pascalnoppe.com\/index.php\/wp-json\/wp\/v2\/product\/1151\/revisions\/1934"}],"wp:featuredmedia":[{"embeddable":true,"href":"https:\/\/pascalnoppe.com\/index.php\/wp-json\/wp\/v2\/media\/1181"}],"wp:attachment":[{"href":"https:\/\/pascalnoppe.com\/index.php\/wp-json\/wp\/v2\/media?parent=1151"}],"wp:term":[{"taxonomy":"product_cat","embeddable":true,"href":"https:\/\/pascalnoppe.com\/index.php\/wp-json\/wp\/v2\/product_cat?post=1151"},{"taxonomy":"product_tag","embeddable":true,"href":"https:\/\/pascalnoppe.com\/index.php\/wp-json\/wp\/v2\/product_tag?post=1151"}],"curies":[{"name":"wp","href":"https:\/\/api.w.org\/{rel}","templated":true}]}}