{"id":1150,"date":"2021-05-23T11:40:02","date_gmt":"2021-05-23T09:40:02","guid":{"rendered":"http:\/\/pascalnoppe.com\/?post_type=product&#038;p=1150"},"modified":"2021-06-26T20:47:05","modified_gmt":"2021-06-26T18:47:05","slug":"buffet-pour-chanel-dubai","status":"publish","type":"product","link":"https:\/\/pascalnoppe.com\/index.php\/produit\/buffet-pour-chanel-dubai\/","title":{"rendered":"Buffet pour Chanel Duba\u00ef"},"content":{"rendered":"<p>pr\u00e9sentation du buffet pour Chanel Duba\u00ef, \u00e0 l&rsquo;occasion de l&rsquo;ouverture de l&rsquo;Emirates Mall, on a pu r\u00e9aliser beaucoup de buffet pour les ouvertures des grandes enseignes.<\/p>\n<p>on a fait beaucoup de buffet au Emirates Mall , toujours tr\u00e8s appr\u00e9ci\u00e9 pour la qualit\u00e9 et l&rsquo;excellence des produits pr\u00e9sent\u00e9s.,<\/p>\n","protected":false},"excerpt":{"rendered":"<p>pr\u00e9sentation du buffet pour Chanel Duba\u00ef, \u00e0 l&rsquo;occasion de l&rsquo;ouverture de l&rsquo;Emirates Mall, on a pu r\u00e9aliser beaucoup de buffet pour les ouvertures des grandes enseignes. on a fait beaucoup de buffet au Emirates Mall , toujours tr\u00e8s appr\u00e9ci\u00e9 pour la qualit\u00e9 et l&rsquo;excellence des produits pr\u00e9sent\u00e9s.,<\/p>\n","protected":false},"featured_media":1180,"template":"","meta":[],"product_cat":[17,27],"product_tag":[],"_links":{"self":[{"href":"https:\/\/pascalnoppe.com\/index.php\/wp-json\/wp\/v2\/product\/1150"}],"collection":[{"href":"https:\/\/pascalnoppe.com\/index.php\/wp-json\/wp\/v2\/product"}],"about":[{"href":"https:\/\/pascalnoppe.com\/index.php\/wp-json\/wp\/v2\/types\/product"}],"version-history":[{"count":2,"href":"https:\/\/pascalnoppe.com\/index.php\/wp-json\/wp\/v2\/product\/1150\/revisions"}],"predecessor-version":[{"id":1946,"href":"https:\/\/pascalnoppe.com\/index.php\/wp-json\/wp\/v2\/product\/1150\/revisions\/1946"}],"wp:featuredmedia":[{"embeddable":true,"href":"https:\/\/pascalnoppe.com\/index.php\/wp-json\/wp\/v2\/media\/1180"}],"wp:attachment":[{"href":"https:\/\/pascalnoppe.com\/index.php\/wp-json\/wp\/v2\/media?parent=1150"}],"wp:term":[{"taxonomy":"product_cat","embeddable":true,"href":"https:\/\/pascalnoppe.com\/index.php\/wp-json\/wp\/v2\/product_cat?post=1150"},{"taxonomy":"product_tag","embeddable":true,"href":"https:\/\/pascalnoppe.com\/index.php\/wp-json\/wp\/v2\/product_tag?post=1150"}],"curies":[{"name":"wp","href":"https:\/\/api.w.org\/{rel}","templated":true}]}}