{"id":1149,"date":"2021-05-23T11:40:01","date_gmt":"2021-05-23T09:40:01","guid":{"rendered":"http:\/\/pascalnoppe.com\/?post_type=product&#038;p=1149"},"modified":"2021-05-23T11:40:09","modified_gmt":"2021-05-23T09:40:09","slug":"gateau-de-mariage-2","status":"publish","type":"product","link":"https:\/\/pascalnoppe.com\/index.php\/produit\/gateau-de-mariage-2\/","title":{"rendered":"G\u00e2teau de mariage"},"content":{"rendered":"<p>r\u00e9alis\u00e9 a l&rsquo;hotel Sheraton Imp\u00e9rial de Kuala Lumpur, en tant que d\u00e9veloppement Directeur pour Strudels, j&rsquo;ai d\u00e9velopper des march\u00e9s pour les hotels 5 \u00e9toiles entre autre, \u00e9galement pour les ambassades ou je r\u00e9alisait entre autre le Buffet du 14 Juillet pour l&rsquo;Ambassade de France.<\/p>\n","protected":false},"excerpt":{"rendered":"<p>r\u00e9alis\u00e9 a l&rsquo;hotel Sheraton Imp\u00e9rial de Kuala Lumpur, en tant que d\u00e9veloppement Directeur pour Strudels, j&rsquo;ai d\u00e9velopper des march\u00e9s pour les hotels 5 \u00e9toiles entre autre, \u00e9galement pour les ambassades ou je r\u00e9alisait entre autre le Buffet du 14 Juillet pour l&rsquo;Ambassade de France.<\/p>\n","protected":false},"featured_media":1179,"template":"","meta":[],"product_cat":[17,27],"product_tag":[],"_links":{"self":[{"href":"https:\/\/pascalnoppe.com\/index.php\/wp-json\/wp\/v2\/product\/1149"}],"collection":[{"href":"https:\/\/pascalnoppe.com\/index.php\/wp-json\/wp\/v2\/product"}],"about":[{"href":"https:\/\/pascalnoppe.com\/index.php\/wp-json\/wp\/v2\/types\/product"}],"version-history":[{"count":0,"href":"https:\/\/pascalnoppe.com\/index.php\/wp-json\/wp\/v2\/product\/1149\/revisions"}],"wp:featuredmedia":[{"embeddable":true,"href":"https:\/\/pascalnoppe.com\/index.php\/wp-json\/wp\/v2\/media\/1179"}],"wp:attachment":[{"href":"https:\/\/pascalnoppe.com\/index.php\/wp-json\/wp\/v2\/media?parent=1149"}],"wp:term":[{"taxonomy":"product_cat","embeddable":true,"href":"https:\/\/pascalnoppe.com\/index.php\/wp-json\/wp\/v2\/product_cat?post=1149"},{"taxonomy":"product_tag","embeddable":true,"href":"https:\/\/pascalnoppe.com\/index.php\/wp-json\/wp\/v2\/product_tag?post=1149"}],"curies":[{"name":"wp","href":"https:\/\/api.w.org\/{rel}","templated":true}]}}