{"id":1147,"date":"2021-05-23T11:40:01","date_gmt":"2021-05-23T09:40:01","guid":{"rendered":"http:\/\/pascalnoppe.com\/?post_type=product&#038;p=1147"},"modified":"2021-06-26T20:54:13","modified_gmt":"2021-06-26T18:54:13","slug":"gateau-de-mariage-style-americain","status":"publish","type":"product","link":"https:\/\/pascalnoppe.com\/index.php\/produit\/gateau-de-mariage-style-americain\/","title":{"rendered":"G\u00e2teau de Mariage style am\u00e9ricain"},"content":{"rendered":"<p>r\u00e9alis\u00e9 \u00e0 l&rsquo;h\u00f4tel M\u00e9dinat de Duba\u00ef, une partie r\u00e9alis\u00e9 en factice , et l&rsquo;autre en r\u00e9el, hauteur plus de 2 m\u00e8tre,<\/p>\n<p>une magnifique salle de r\u00e9ception, des moments inoubliable avec mon \u00e9quipe de Len\u00f4tre Duba\u00ef,<\/p>\n<p>&nbsp;<\/p>\n<p>&nbsp;<\/p>\n<p>&nbsp;<\/p>\n","protected":false},"excerpt":{"rendered":"<p>r\u00e9alis\u00e9 \u00e0 l&rsquo;h\u00f4tel M\u00e9dinat de Duba\u00ef, une partie r\u00e9alis\u00e9 en factice , et l&rsquo;autre en r\u00e9el, hauteur plus de 2 m\u00e8tre, une magnifique salle de r\u00e9ception, des moments inoubliable avec mon \u00e9quipe de Len\u00f4tre Duba\u00ef, &nbsp; &nbsp; &nbsp;<\/p>\n","protected":false},"featured_media":1177,"template":"","meta":[],"product_cat":[17,27],"product_tag":[],"_links":{"self":[{"href":"https:\/\/pascalnoppe.com\/index.php\/wp-json\/wp\/v2\/product\/1147"}],"collection":[{"href":"https:\/\/pascalnoppe.com\/index.php\/wp-json\/wp\/v2\/product"}],"about":[{"href":"https:\/\/pascalnoppe.com\/index.php\/wp-json\/wp\/v2\/types\/product"}],"version-history":[{"count":2,"href":"https:\/\/pascalnoppe.com\/index.php\/wp-json\/wp\/v2\/product\/1147\/revisions"}],"predecessor-version":[{"id":1952,"href":"https:\/\/pascalnoppe.com\/index.php\/wp-json\/wp\/v2\/product\/1147\/revisions\/1952"}],"wp:featuredmedia":[{"embeddable":true,"href":"https:\/\/pascalnoppe.com\/index.php\/wp-json\/wp\/v2\/media\/1177"}],"wp:attachment":[{"href":"https:\/\/pascalnoppe.com\/index.php\/wp-json\/wp\/v2\/media?parent=1147"}],"wp:term":[{"taxonomy":"product_cat","embeddable":true,"href":"https:\/\/pascalnoppe.com\/index.php\/wp-json\/wp\/v2\/product_cat?post=1147"},{"taxonomy":"product_tag","embeddable":true,"href":"https:\/\/pascalnoppe.com\/index.php\/wp-json\/wp\/v2\/product_tag?post=1147"}],"curies":[{"name":"wp","href":"https:\/\/api.w.org\/{rel}","templated":true}]}}