{"id":1146,"date":"2021-05-23T11:40:01","date_gmt":"2021-05-23T09:40:01","guid":{"rendered":"http:\/\/pascalnoppe.com\/?post_type=product&#038;p=1146"},"modified":"2021-05-23T11:40:08","modified_gmt":"2021-05-23T09:40:08","slug":"piece-de-mariage-prestige","status":"publish","type":"product","link":"https:\/\/pascalnoppe.com\/index.php\/produit\/piece-de-mariage-prestige\/","title":{"rendered":"Pi\u00e8ce de Mariage Prestige"},"content":{"rendered":"<p>croquembouche sur 3 \u00e9tages, choux grand-marnier, 4 pi\u00e8ces \/ pers, entremets au choix selon le nombre de personnes choisis. <\/p>\n","protected":false},"excerpt":{"rendered":"<p>croquembouche sur 3 \u00e9tages, choux grand-marnier, 4 pi\u00e8ces \/ pers, entremets au choix selon le nombre de personnes choisis.<\/p>\n","protected":false},"featured_media":1176,"template":"","meta":[],"product_cat":[17,27],"product_tag":[],"_links":{"self":[{"href":"https:\/\/pascalnoppe.com\/index.php\/wp-json\/wp\/v2\/product\/1146"}],"collection":[{"href":"https:\/\/pascalnoppe.com\/index.php\/wp-json\/wp\/v2\/product"}],"about":[{"href":"https:\/\/pascalnoppe.com\/index.php\/wp-json\/wp\/v2\/types\/product"}],"version-history":[{"count":0,"href":"https:\/\/pascalnoppe.com\/index.php\/wp-json\/wp\/v2\/product\/1146\/revisions"}],"wp:featuredmedia":[{"embeddable":true,"href":"https:\/\/pascalnoppe.com\/index.php\/wp-json\/wp\/v2\/media\/1176"}],"wp:attachment":[{"href":"https:\/\/pascalnoppe.com\/index.php\/wp-json\/wp\/v2\/media?parent=1146"}],"wp:term":[{"taxonomy":"product_cat","embeddable":true,"href":"https:\/\/pascalnoppe.com\/index.php\/wp-json\/wp\/v2\/product_cat?post=1146"},{"taxonomy":"product_tag","embeddable":true,"href":"https:\/\/pascalnoppe.com\/index.php\/wp-json\/wp\/v2\/product_tag?post=1146"}],"curies":[{"name":"wp","href":"https:\/\/api.w.org\/{rel}","templated":true}]}}