{"id":1145,"date":"2021-05-23T11:40:01","date_gmt":"2021-05-23T09:40:01","guid":{"rendered":"http:\/\/pascalnoppe.com\/?post_type=product&#038;p=1145"},"modified":"2021-05-23T11:40:08","modified_gmt":"2021-05-23T09:40:08","slug":"tour-de-macarons-assortis-4","status":"publish","type":"product","link":"https:\/\/pascalnoppe.com\/index.php\/produit\/tour-de-macarons-assortis-4\/","title":{"rendered":"Tour de macarons assortis"},"content":{"rendered":"<p>les Tour de macarons sont r\u00e9alis\u00e9 \u00e0 la demande, le choix des parfums est au choix du clients si il le d\u00e9sire, Nous avonz 3 tailles standard, \u00e9galement r\u00e9alisable sur plusieurs \u00e9tages pour Mariages ou autres occasions. <\/p>\n","protected":false},"excerpt":{"rendered":"<p>les Tour de macarons sont r\u00e9alis\u00e9 \u00e0 la demande, le choix des parfums est au choix du clients si il le d\u00e9sire, Nous avonz 3 tailles standard, \u00e9galement r\u00e9alisable sur plusieurs \u00e9tages pour Mariages ou autres occasions.<\/p>\n","protected":false},"featured_media":1175,"template":"","meta":[],"product_cat":[17,27],"product_tag":[],"_links":{"self":[{"href":"https:\/\/pascalnoppe.com\/index.php\/wp-json\/wp\/v2\/product\/1145"}],"collection":[{"href":"https:\/\/pascalnoppe.com\/index.php\/wp-json\/wp\/v2\/product"}],"about":[{"href":"https:\/\/pascalnoppe.com\/index.php\/wp-json\/wp\/v2\/types\/product"}],"version-history":[{"count":0,"href":"https:\/\/pascalnoppe.com\/index.php\/wp-json\/wp\/v2\/product\/1145\/revisions"}],"wp:featuredmedia":[{"embeddable":true,"href":"https:\/\/pascalnoppe.com\/index.php\/wp-json\/wp\/v2\/media\/1175"}],"wp:attachment":[{"href":"https:\/\/pascalnoppe.com\/index.php\/wp-json\/wp\/v2\/media?parent=1145"}],"wp:term":[{"taxonomy":"product_cat","embeddable":true,"href":"https:\/\/pascalnoppe.com\/index.php\/wp-json\/wp\/v2\/product_cat?post=1145"},{"taxonomy":"product_tag","embeddable":true,"href":"https:\/\/pascalnoppe.com\/index.php\/wp-json\/wp\/v2\/product_tag?post=1145"}],"curies":[{"name":"wp","href":"https:\/\/api.w.org\/{rel}","templated":true}]}}