{"id":1143,"date":"2021-05-23T11:40:01","date_gmt":"2021-05-23T09:40:01","guid":{"rendered":"http:\/\/pascalnoppe.com\/?post_type=product&#038;p=1143"},"modified":"2021-05-23T11:40:07","modified_gmt":"2021-05-23T09:40:07","slug":"piece-en-pastillage","status":"publish","type":"product","link":"https:\/\/pascalnoppe.com\/index.php\/produit\/piece-en-pastillage\/","title":{"rendered":"Pi\u00e8ce en pastillage"},"content":{"rendered":"<p>r\u00e9alisation en pastillage, pour Buffet pr\u00e9sentation.<\/p>\n","protected":false},"excerpt":{"rendered":"<p>r\u00e9alisation en pastillage, pour Buffet pr\u00e9sentation.<\/p>\n","protected":false},"featured_media":1173,"template":"","meta":[],"product_cat":[17,27],"product_tag":[],"_links":{"self":[{"href":"https:\/\/pascalnoppe.com\/index.php\/wp-json\/wp\/v2\/product\/1143"}],"collection":[{"href":"https:\/\/pascalnoppe.com\/index.php\/wp-json\/wp\/v2\/product"}],"about":[{"href":"https:\/\/pascalnoppe.com\/index.php\/wp-json\/wp\/v2\/types\/product"}],"version-history":[{"count":0,"href":"https:\/\/pascalnoppe.com\/index.php\/wp-json\/wp\/v2\/product\/1143\/revisions"}],"wp:featuredmedia":[{"embeddable":true,"href":"https:\/\/pascalnoppe.com\/index.php\/wp-json\/wp\/v2\/media\/1173"}],"wp:attachment":[{"href":"https:\/\/pascalnoppe.com\/index.php\/wp-json\/wp\/v2\/media?parent=1143"}],"wp:term":[{"taxonomy":"product_cat","embeddable":true,"href":"https:\/\/pascalnoppe.com\/index.php\/wp-json\/wp\/v2\/product_cat?post=1143"},{"taxonomy":"product_tag","embeddable":true,"href":"https:\/\/pascalnoppe.com\/index.php\/wp-json\/wp\/v2\/product_tag?post=1143"}],"curies":[{"name":"wp","href":"https:\/\/api.w.org\/{rel}","templated":true}]}}