{"id":1141,"date":"2021-05-23T11:40:01","date_gmt":"2021-05-23T09:40:01","guid":{"rendered":"http:\/\/pascalnoppe.com\/?post_type=product&#038;p=1141"},"modified":"2021-05-23T11:40:06","modified_gmt":"2021-05-23T09:40:06","slug":"dessin-realiser-a-la-main","status":"publish","type":"product","link":"https:\/\/pascalnoppe.com\/index.php\/produit\/dessin-realiser-a-la-main\/","title":{"rendered":"dessin r\u00e9aliser \u00e0 la main"},"content":{"rendered":"<p>Jerry r\u00e9aliser \u00e0 la main, pour des entremets d&rsquo;anniversaire , pour les enfants, minimum \u00e0 partir de 18 pers&#8230;<\/p>\n","protected":false},"excerpt":{"rendered":"<p>Jerry r\u00e9aliser \u00e0 la main, pour des entremets d&rsquo;anniversaire , pour les enfants, minimum \u00e0 partir de 18 pers&#8230;<\/p>\n","protected":false},"featured_media":1171,"template":"","meta":[],"product_cat":[17,27],"product_tag":[],"_links":{"self":[{"href":"https:\/\/pascalnoppe.com\/index.php\/wp-json\/wp\/v2\/product\/1141"}],"collection":[{"href":"https:\/\/pascalnoppe.com\/index.php\/wp-json\/wp\/v2\/product"}],"about":[{"href":"https:\/\/pascalnoppe.com\/index.php\/wp-json\/wp\/v2\/types\/product"}],"version-history":[{"count":0,"href":"https:\/\/pascalnoppe.com\/index.php\/wp-json\/wp\/v2\/product\/1141\/revisions"}],"wp:featuredmedia":[{"embeddable":true,"href":"https:\/\/pascalnoppe.com\/index.php\/wp-json\/wp\/v2\/media\/1171"}],"wp:attachment":[{"href":"https:\/\/pascalnoppe.com\/index.php\/wp-json\/wp\/v2\/media?parent=1141"}],"wp:term":[{"taxonomy":"product_cat","embeddable":true,"href":"https:\/\/pascalnoppe.com\/index.php\/wp-json\/wp\/v2\/product_cat?post=1141"},{"taxonomy":"product_tag","embeddable":true,"href":"https:\/\/pascalnoppe.com\/index.php\/wp-json\/wp\/v2\/product_tag?post=1141"}],"curies":[{"name":"wp","href":"https:\/\/api.w.org\/{rel}","templated":true}]}}