{"id":1137,"date":"2021-05-23T11:40:00","date_gmt":"2021-05-23T09:40:00","guid":{"rendered":"http:\/\/pascalnoppe.com\/?post_type=product&#038;p=1137"},"modified":"2021-05-23T11:40:04","modified_gmt":"2021-05-23T09:40:04","slug":"viennoiseries-selection","status":"publish","type":"product","link":"https:\/\/pascalnoppe.com\/index.php\/produit\/viennoiseries-selection\/","title":{"rendered":"Viennoiseries s\u00e9lection"},"content":{"rendered":"<p>Nos pains aux raisins,<\/p>\n<div>les calabrais, p\u00e2te \u00e0 croissant, cr\u00e8me p\u00e2tisserie et p\u00e9pites de chocolat,<\/div>\n<div>les brioches feuillet\u00e9e, p\u00e2te \u00e0 brioche tourrer comme un feuilletage et sirot\u00e9 \u00e0 la sortie du four.<\/div>\n","protected":false},"excerpt":{"rendered":"<p>Nos pains aux raisins, les calabrais, p\u00e2te \u00e0 croissant, cr\u00e8me p\u00e2tisserie et p\u00e9pites de chocolat, les brioches feuillet\u00e9e, p\u00e2te \u00e0 brioche tourrer comme un feuilletage et sirot\u00e9 \u00e0 la sortie du four.<\/p>\n","protected":false},"featured_media":1167,"template":"","meta":[],"product_cat":[17,26],"product_tag":[],"_links":{"self":[{"href":"https:\/\/pascalnoppe.com\/index.php\/wp-json\/wp\/v2\/product\/1137"}],"collection":[{"href":"https:\/\/pascalnoppe.com\/index.php\/wp-json\/wp\/v2\/product"}],"about":[{"href":"https:\/\/pascalnoppe.com\/index.php\/wp-json\/wp\/v2\/types\/product"}],"version-history":[{"count":0,"href":"https:\/\/pascalnoppe.com\/index.php\/wp-json\/wp\/v2\/product\/1137\/revisions"}],"wp:featuredmedia":[{"embeddable":true,"href":"https:\/\/pascalnoppe.com\/index.php\/wp-json\/wp\/v2\/media\/1167"}],"wp:attachment":[{"href":"https:\/\/pascalnoppe.com\/index.php\/wp-json\/wp\/v2\/media?parent=1137"}],"wp:term":[{"taxonomy":"product_cat","embeddable":true,"href":"https:\/\/pascalnoppe.com\/index.php\/wp-json\/wp\/v2\/product_cat?post=1137"},{"taxonomy":"product_tag","embeddable":true,"href":"https:\/\/pascalnoppe.com\/index.php\/wp-json\/wp\/v2\/product_tag?post=1137"}],"curies":[{"name":"wp","href":"https:\/\/api.w.org\/{rel}","templated":true}]}}