{"id":1136,"date":"2021-05-23T11:40:00","date_gmt":"2021-05-23T09:40:00","guid":{"rendered":"http:\/\/pascalnoppe.com\/?post_type=product&#038;p=1136"},"modified":"2021-05-23T11:40:04","modified_gmt":"2021-05-23T09:40:04","slug":"brioche-feuilletee-aux-pepites-de-chocolat","status":"publish","type":"product","link":"https:\/\/pascalnoppe.com\/index.php\/produit\/brioche-feuilletee-aux-pepites-de-chocolat\/","title":{"rendered":"brioche feuillet\u00e9e aux p\u00e9pites de chocolat"},"content":{"rendered":"<p>brioche feullet\u00e9e aux p\u00e9pites de chocolat et mor\u00e7eaux de sucre, plus riche en beurre.<\/p>\n","protected":false},"excerpt":{"rendered":"<p>brioche feullet\u00e9e aux p\u00e9pites de chocolat et mor\u00e7eaux de sucre, plus riche en beurre.<\/p>\n","protected":false},"featured_media":1166,"template":"","meta":[],"product_cat":[17,26],"product_tag":[],"_links":{"self":[{"href":"https:\/\/pascalnoppe.com\/index.php\/wp-json\/wp\/v2\/product\/1136"}],"collection":[{"href":"https:\/\/pascalnoppe.com\/index.php\/wp-json\/wp\/v2\/product"}],"about":[{"href":"https:\/\/pascalnoppe.com\/index.php\/wp-json\/wp\/v2\/types\/product"}],"version-history":[{"count":0,"href":"https:\/\/pascalnoppe.com\/index.php\/wp-json\/wp\/v2\/product\/1136\/revisions"}],"wp:featuredmedia":[{"embeddable":true,"href":"https:\/\/pascalnoppe.com\/index.php\/wp-json\/wp\/v2\/media\/1166"}],"wp:attachment":[{"href":"https:\/\/pascalnoppe.com\/index.php\/wp-json\/wp\/v2\/media?parent=1136"}],"wp:term":[{"taxonomy":"product_cat","embeddable":true,"href":"https:\/\/pascalnoppe.com\/index.php\/wp-json\/wp\/v2\/product_cat?post=1136"},{"taxonomy":"product_tag","embeddable":true,"href":"https:\/\/pascalnoppe.com\/index.php\/wp-json\/wp\/v2\/product_tag?post=1136"}],"curies":[{"name":"wp","href":"https:\/\/api.w.org\/{rel}","templated":true}]}}