{"id":1102,"date":"2021-05-23T11:39:45","date_gmt":"2021-05-23T09:39:45","guid":{"rendered":"http:\/\/pascalnoppe.com\/?post_type=product&#038;p=1102"},"modified":"2021-05-23T11:39:57","modified_gmt":"2021-05-23T09:39:57","slug":"les-kouglofs","status":"publish","type":"product","link":"https:\/\/pascalnoppe.com\/index.php\/produit\/les-kouglofs\/","title":{"rendered":"Les kouglofs"},"content":{"rendered":"<p>p\u00e2te \u00e0 kouglofs avec raisins et fruits confits, tremp\u00e9 dans un sir\u00f4p au rhum, sp\u00e9cialit\u00e9 alsaci\u00e8nne.<\/p>\n","protected":false},"excerpt":{"rendered":"<p>p\u00e2te \u00e0 kouglofs avec raisins et fruits confits, tremp\u00e9 dans un sir\u00f4p au rhum, sp\u00e9cialit\u00e9 alsaci\u00e8nne.<\/p>\n","protected":false},"featured_media":1132,"template":"","meta":[],"product_cat":[17,26],"product_tag":[],"_links":{"self":[{"href":"https:\/\/pascalnoppe.com\/index.php\/wp-json\/wp\/v2\/product\/1102"}],"collection":[{"href":"https:\/\/pascalnoppe.com\/index.php\/wp-json\/wp\/v2\/product"}],"about":[{"href":"https:\/\/pascalnoppe.com\/index.php\/wp-json\/wp\/v2\/types\/product"}],"version-history":[{"count":0,"href":"https:\/\/pascalnoppe.com\/index.php\/wp-json\/wp\/v2\/product\/1102\/revisions"}],"wp:featuredmedia":[{"embeddable":true,"href":"https:\/\/pascalnoppe.com\/index.php\/wp-json\/wp\/v2\/media\/1132"}],"wp:attachment":[{"href":"https:\/\/pascalnoppe.com\/index.php\/wp-json\/wp\/v2\/media?parent=1102"}],"wp:term":[{"taxonomy":"product_cat","embeddable":true,"href":"https:\/\/pascalnoppe.com\/index.php\/wp-json\/wp\/v2\/product_cat?post=1102"},{"taxonomy":"product_tag","embeddable":true,"href":"https:\/\/pascalnoppe.com\/index.php\/wp-json\/wp\/v2\/product_tag?post=1102"}],"curies":[{"name":"wp","href":"https:\/\/api.w.org\/{rel}","templated":true}]}}