{"id":1100,"date":"2021-05-23T11:39:45","date_gmt":"2021-05-23T09:39:45","guid":{"rendered":"http:\/\/pascalnoppe.com\/?post_type=product&#038;p=1100"},"modified":"2021-05-23T11:39:56","modified_gmt":"2021-05-23T09:39:56","slug":"abricot-strusel","status":"publish","type":"product","link":"https:\/\/pascalnoppe.com\/index.php\/produit\/abricot-strusel\/","title":{"rendered":"Abricot str\u00fcsel"},"content":{"rendered":"<p>p\u00e2te \u00e0 danish, cr\u00e8me p\u00e2tissi\u00e8re \u00e0 la vanille, abricot, et crumble.<\/p>\n","protected":false},"excerpt":{"rendered":"<p>p\u00e2te \u00e0 danish, cr\u00e8me p\u00e2tissi\u00e8re \u00e0 la vanille, abricot, et crumble.<\/p>\n","protected":false},"featured_media":1130,"template":"","meta":[],"product_cat":[17,26],"product_tag":[],"_links":{"self":[{"href":"https:\/\/pascalnoppe.com\/index.php\/wp-json\/wp\/v2\/product\/1100"}],"collection":[{"href":"https:\/\/pascalnoppe.com\/index.php\/wp-json\/wp\/v2\/product"}],"about":[{"href":"https:\/\/pascalnoppe.com\/index.php\/wp-json\/wp\/v2\/types\/product"}],"version-history":[{"count":0,"href":"https:\/\/pascalnoppe.com\/index.php\/wp-json\/wp\/v2\/product\/1100\/revisions"}],"wp:featuredmedia":[{"embeddable":true,"href":"https:\/\/pascalnoppe.com\/index.php\/wp-json\/wp\/v2\/media\/1130"}],"wp:attachment":[{"href":"https:\/\/pascalnoppe.com\/index.php\/wp-json\/wp\/v2\/media?parent=1100"}],"wp:term":[{"taxonomy":"product_cat","embeddable":true,"href":"https:\/\/pascalnoppe.com\/index.php\/wp-json\/wp\/v2\/product_cat?post=1100"},{"taxonomy":"product_tag","embeddable":true,"href":"https:\/\/pascalnoppe.com\/index.php\/wp-json\/wp\/v2\/product_tag?post=1100"}],"curies":[{"name":"wp","href":"https:\/\/api.w.org\/{rel}","templated":true}]}}