{"id":1097,"date":"2021-05-23T11:39:45","date_gmt":"2021-05-23T09:39:45","guid":{"rendered":"http:\/\/pascalnoppe.com\/?post_type=product&#038;p=1097"},"modified":"2021-05-23T11:39:55","modified_gmt":"2021-05-23T09:39:55","slug":"les-kouign-amann","status":"publish","type":"product","link":"https:\/\/pascalnoppe.com\/index.php\/produit\/les-kouign-amann\/","title":{"rendered":"les kouign-amann"},"content":{"rendered":"<p>p\u00e2te \u00e0 pain , beurre et sucre &#8230; traditionel et d\u00e9clin\u00e9 en plusieurs parfums:pommes, mangue, chocolat, beurre sal\u00e9, coco-ananas, &#8230; <\/p>\n","protected":false},"excerpt":{"rendered":"<p>p\u00e2te \u00e0 pain , beurre et sucre &#8230; traditionel et d\u00e9clin\u00e9 en plusieurs parfums:pommes, mangue, chocolat, beurre sal\u00e9, coco-ananas, &#8230;<\/p>\n","protected":false},"featured_media":1127,"template":"","meta":[],"product_cat":[17,26],"product_tag":[],"_links":{"self":[{"href":"https:\/\/pascalnoppe.com\/index.php\/wp-json\/wp\/v2\/product\/1097"}],"collection":[{"href":"https:\/\/pascalnoppe.com\/index.php\/wp-json\/wp\/v2\/product"}],"about":[{"href":"https:\/\/pascalnoppe.com\/index.php\/wp-json\/wp\/v2\/types\/product"}],"version-history":[{"count":0,"href":"https:\/\/pascalnoppe.com\/index.php\/wp-json\/wp\/v2\/product\/1097\/revisions"}],"wp:featuredmedia":[{"embeddable":true,"href":"https:\/\/pascalnoppe.com\/index.php\/wp-json\/wp\/v2\/media\/1127"}],"wp:attachment":[{"href":"https:\/\/pascalnoppe.com\/index.php\/wp-json\/wp\/v2\/media?parent=1097"}],"wp:term":[{"taxonomy":"product_cat","embeddable":true,"href":"https:\/\/pascalnoppe.com\/index.php\/wp-json\/wp\/v2\/product_cat?post=1097"},{"taxonomy":"product_tag","embeddable":true,"href":"https:\/\/pascalnoppe.com\/index.php\/wp-json\/wp\/v2\/product_tag?post=1097"}],"curies":[{"name":"wp","href":"https:\/\/api.w.org\/{rel}","templated":true}]}}