{"id":1095,"date":"2021-05-23T11:39:45","date_gmt":"2021-05-23T09:39:45","guid":{"rendered":"http:\/\/pascalnoppe.com\/?post_type=product&#038;p=1095"},"modified":"2021-05-23T11:39:54","modified_gmt":"2021-05-23T09:39:54","slug":"macaron-tapenade","status":"publish","type":"product","link":"https:\/\/pascalnoppe.com\/index.php\/produit\/macaron-tapenade\/","title":{"rendered":"Macaron tapenade"},"content":{"rendered":"<p>coque de macaron et cr\u00e8me de tapenade et tomatade all\u00e9g\u00e9e au mascarpone.<\/p>\n","protected":false},"excerpt":{"rendered":"<p>coque de macaron et cr\u00e8me de tapenade et tomatade all\u00e9g\u00e9e au mascarpone.<\/p>\n","protected":false},"featured_media":1125,"template":"","meta":[],"product_cat":[30,34],"product_tag":[],"_links":{"self":[{"href":"https:\/\/pascalnoppe.com\/index.php\/wp-json\/wp\/v2\/product\/1095"}],"collection":[{"href":"https:\/\/pascalnoppe.com\/index.php\/wp-json\/wp\/v2\/product"}],"about":[{"href":"https:\/\/pascalnoppe.com\/index.php\/wp-json\/wp\/v2\/types\/product"}],"version-history":[{"count":0,"href":"https:\/\/pascalnoppe.com\/index.php\/wp-json\/wp\/v2\/product\/1095\/revisions"}],"wp:featuredmedia":[{"embeddable":true,"href":"https:\/\/pascalnoppe.com\/index.php\/wp-json\/wp\/v2\/media\/1125"}],"wp:attachment":[{"href":"https:\/\/pascalnoppe.com\/index.php\/wp-json\/wp\/v2\/media?parent=1095"}],"wp:term":[{"taxonomy":"product_cat","embeddable":true,"href":"https:\/\/pascalnoppe.com\/index.php\/wp-json\/wp\/v2\/product_cat?post=1095"},{"taxonomy":"product_tag","embeddable":true,"href":"https:\/\/pascalnoppe.com\/index.php\/wp-json\/wp\/v2\/product_tag?post=1095"}],"curies":[{"name":"wp","href":"https:\/\/api.w.org\/{rel}","templated":true}]}}