{"id":1094,"date":"2021-05-23T11:39:44","date_gmt":"2021-05-23T09:39:44","guid":{"rendered":"http:\/\/pascalnoppe.com\/?post_type=product&#038;p=1094"},"modified":"2021-05-23T11:39:54","modified_gmt":"2021-05-23T09:39:54","slug":"macaron-chevre-et-carotte","status":"publish","type":"product","link":"https:\/\/pascalnoppe.com\/index.php\/produit\/macaron-chevre-et-carotte\/","title":{"rendered":"Macaron ch\u00e8vre et carotte"},"content":{"rendered":"<p>biscuit macaron, cr\u00e8me de ch\u00e8vre charolais et pur\u00e9e de carotte, l\u00e9g\u00e8rement soupoudr\u00e9 de poivre sur le-dessus de la coque.<\/p>\n","protected":false},"excerpt":{"rendered":"<p>biscuit macaron, cr\u00e8me de ch\u00e8vre charolais et pur\u00e9e de carotte, l\u00e9g\u00e8rement soupoudr\u00e9 de poivre sur le-dessus de la coque.<\/p>\n","protected":false},"featured_media":1124,"template":"","meta":[],"product_cat":[30,34],"product_tag":[],"_links":{"self":[{"href":"https:\/\/pascalnoppe.com\/index.php\/wp-json\/wp\/v2\/product\/1094"}],"collection":[{"href":"https:\/\/pascalnoppe.com\/index.php\/wp-json\/wp\/v2\/product"}],"about":[{"href":"https:\/\/pascalnoppe.com\/index.php\/wp-json\/wp\/v2\/types\/product"}],"version-history":[{"count":0,"href":"https:\/\/pascalnoppe.com\/index.php\/wp-json\/wp\/v2\/product\/1094\/revisions"}],"wp:featuredmedia":[{"embeddable":true,"href":"https:\/\/pascalnoppe.com\/index.php\/wp-json\/wp\/v2\/media\/1124"}],"wp:attachment":[{"href":"https:\/\/pascalnoppe.com\/index.php\/wp-json\/wp\/v2\/media?parent=1094"}],"wp:term":[{"taxonomy":"product_cat","embeddable":true,"href":"https:\/\/pascalnoppe.com\/index.php\/wp-json\/wp\/v2\/product_cat?post=1094"},{"taxonomy":"product_tag","embeddable":true,"href":"https:\/\/pascalnoppe.com\/index.php\/wp-json\/wp\/v2\/product_tag?post=1094"}],"curies":[{"name":"wp","href":"https:\/\/api.w.org\/{rel}","templated":true}]}}