{"id":1092,"date":"2021-05-23T11:39:44","date_gmt":"2021-05-23T09:39:44","guid":{"rendered":"http:\/\/pascalnoppe.com\/?post_type=product&#038;p=1092"},"modified":"2021-05-23T11:39:53","modified_gmt":"2021-05-23T09:39:53","slug":"macaron-foie-gras","status":"publish","type":"product","link":"https:\/\/pascalnoppe.com\/index.php\/produit\/macaron-foie-gras\/","title":{"rendered":"Macaron foie gras"},"content":{"rendered":"<p>biscuit macaron, cr\u00e9me de foie gras de canard, un go\u00fbt sucr\u00e9 sal\u00e9 , tr\u00e9s agr\u00e9able, \u00e0 d\u00e9guster avec une bouteille de champagne en app\u00e9ritif.<\/p>\n","protected":false},"excerpt":{"rendered":"<p>biscuit macaron, cr\u00e9me de foie gras de canard, un go\u00fbt sucr\u00e9 sal\u00e9 , tr\u00e9s agr\u00e9able, \u00e0 d\u00e9guster avec une bouteille de champagne en app\u00e9ritif.<\/p>\n","protected":false},"featured_media":1122,"template":"","meta":[],"product_cat":[30,34],"product_tag":[],"_links":{"self":[{"href":"https:\/\/pascalnoppe.com\/index.php\/wp-json\/wp\/v2\/product\/1092"}],"collection":[{"href":"https:\/\/pascalnoppe.com\/index.php\/wp-json\/wp\/v2\/product"}],"about":[{"href":"https:\/\/pascalnoppe.com\/index.php\/wp-json\/wp\/v2\/types\/product"}],"version-history":[{"count":0,"href":"https:\/\/pascalnoppe.com\/index.php\/wp-json\/wp\/v2\/product\/1092\/revisions"}],"wp:featuredmedia":[{"embeddable":true,"href":"https:\/\/pascalnoppe.com\/index.php\/wp-json\/wp\/v2\/media\/1122"}],"wp:attachment":[{"href":"https:\/\/pascalnoppe.com\/index.php\/wp-json\/wp\/v2\/media?parent=1092"}],"wp:term":[{"taxonomy":"product_cat","embeddable":true,"href":"https:\/\/pascalnoppe.com\/index.php\/wp-json\/wp\/v2\/product_cat?post=1092"},{"taxonomy":"product_tag","embeddable":true,"href":"https:\/\/pascalnoppe.com\/index.php\/wp-json\/wp\/v2\/product_tag?post=1092"}],"curies":[{"name":"wp","href":"https:\/\/api.w.org\/{rel}","templated":true}]}}