{"id":1091,"date":"2021-05-23T11:39:44","date_gmt":"2021-05-23T09:39:44","guid":{"rendered":"http:\/\/pascalnoppe.com\/?post_type=product&#038;p=1091"},"modified":"2021-05-23T11:39:52","modified_gmt":"2021-05-23T09:39:52","slug":"verrines-sales-cocktail-2","status":"publish","type":"product","link":"https:\/\/pascalnoppe.com\/index.php\/produit\/verrines-sales-cocktail-2\/","title":{"rendered":"V\u00e9rrines sal\u00e9s cocktail"},"content":{"rendered":"<p>Oeuf mimosaTaboul\u00e9 et compot\u00e9 de tomates Tartare de saumonTourteaux et guacamole Tartare de tomates et concombre<\/p>\n","protected":false},"excerpt":{"rendered":"<p>Oeuf mimosaTaboul\u00e9 et compot\u00e9 de tomates Tartare de saumonTourteaux et guacamole Tartare de tomates et concombre<\/p>\n","protected":false},"featured_media":1121,"template":"","meta":[],"product_cat":[30,33],"product_tag":[],"_links":{"self":[{"href":"https:\/\/pascalnoppe.com\/index.php\/wp-json\/wp\/v2\/product\/1091"}],"collection":[{"href":"https:\/\/pascalnoppe.com\/index.php\/wp-json\/wp\/v2\/product"}],"about":[{"href":"https:\/\/pascalnoppe.com\/index.php\/wp-json\/wp\/v2\/types\/product"}],"version-history":[{"count":0,"href":"https:\/\/pascalnoppe.com\/index.php\/wp-json\/wp\/v2\/product\/1091\/revisions"}],"wp:featuredmedia":[{"embeddable":true,"href":"https:\/\/pascalnoppe.com\/index.php\/wp-json\/wp\/v2\/media\/1121"}],"wp:attachment":[{"href":"https:\/\/pascalnoppe.com\/index.php\/wp-json\/wp\/v2\/media?parent=1091"}],"wp:term":[{"taxonomy":"product_cat","embeddable":true,"href":"https:\/\/pascalnoppe.com\/index.php\/wp-json\/wp\/v2\/product_cat?post=1091"},{"taxonomy":"product_tag","embeddable":true,"href":"https:\/\/pascalnoppe.com\/index.php\/wp-json\/wp\/v2\/product_tag?post=1091"}],"curies":[{"name":"wp","href":"https:\/\/api.w.org\/{rel}","templated":true}]}}