{"id":1090,"date":"2021-05-23T11:39:44","date_gmt":"2021-05-23T09:39:44","guid":{"rendered":"http:\/\/pascalnoppe.com\/?post_type=product&#038;p=1090"},"modified":"2021-05-23T11:39:52","modified_gmt":"2021-05-23T09:39:52","slug":"verrine-fraicheur","status":"publish","type":"product","link":"https:\/\/pascalnoppe.com\/index.php\/produit\/verrine-fraicheur\/","title":{"rendered":"V\u00e9rrine fraicheur"},"content":{"rendered":"<p>Compot\u00e9 de tomates, thon \u00e0 l&rsquo;huile d&rsquo;olive et ciboulette, f\u00e9ta, quelques croutons, et quelques poivrons grill\u00e9s.<\/p>\n","protected":false},"excerpt":{"rendered":"<p>Compot\u00e9 de tomates, thon \u00e0 l&rsquo;huile d&rsquo;olive et ciboulette, f\u00e9ta, quelques croutons, et quelques poivrons grill\u00e9s.<\/p>\n","protected":false},"featured_media":1120,"template":"","meta":[],"product_cat":[30,33],"product_tag":[],"_links":{"self":[{"href":"https:\/\/pascalnoppe.com\/index.php\/wp-json\/wp\/v2\/product\/1090"}],"collection":[{"href":"https:\/\/pascalnoppe.com\/index.php\/wp-json\/wp\/v2\/product"}],"about":[{"href":"https:\/\/pascalnoppe.com\/index.php\/wp-json\/wp\/v2\/types\/product"}],"version-history":[{"count":0,"href":"https:\/\/pascalnoppe.com\/index.php\/wp-json\/wp\/v2\/product\/1090\/revisions"}],"wp:featuredmedia":[{"embeddable":true,"href":"https:\/\/pascalnoppe.com\/index.php\/wp-json\/wp\/v2\/media\/1120"}],"wp:attachment":[{"href":"https:\/\/pascalnoppe.com\/index.php\/wp-json\/wp\/v2\/media?parent=1090"}],"wp:term":[{"taxonomy":"product_cat","embeddable":true,"href":"https:\/\/pascalnoppe.com\/index.php\/wp-json\/wp\/v2\/product_cat?post=1090"},{"taxonomy":"product_tag","embeddable":true,"href":"https:\/\/pascalnoppe.com\/index.php\/wp-json\/wp\/v2\/product_tag?post=1090"}],"curies":[{"name":"wp","href":"https:\/\/api.w.org\/{rel}","templated":true}]}}