{"id":1089,"date":"2021-05-23T11:39:44","date_gmt":"2021-05-23T09:39:44","guid":{"rendered":"http:\/\/pascalnoppe.com\/?post_type=product&#038;p=1089"},"modified":"2021-05-23T11:39:52","modified_gmt":"2021-05-23T09:39:52","slug":"facon-taboule","status":"publish","type":"product","link":"https:\/\/pascalnoppe.com\/index.php\/produit\/facon-taboule\/","title":{"rendered":"Fa\u00e7on taboul\u00e9"},"content":{"rendered":"<p>Taboul\u00e9, quelques croutons, compot\u00e9 de tomates aux herbes de provence. <\/p>\n","protected":false},"excerpt":{"rendered":"<p>Taboul\u00e9, quelques croutons, compot\u00e9 de tomates aux herbes de provence.<\/p>\n","protected":false},"featured_media":1119,"template":"","meta":[],"product_cat":[30,33],"product_tag":[],"_links":{"self":[{"href":"https:\/\/pascalnoppe.com\/index.php\/wp-json\/wp\/v2\/product\/1089"}],"collection":[{"href":"https:\/\/pascalnoppe.com\/index.php\/wp-json\/wp\/v2\/product"}],"about":[{"href":"https:\/\/pascalnoppe.com\/index.php\/wp-json\/wp\/v2\/types\/product"}],"version-history":[{"count":0,"href":"https:\/\/pascalnoppe.com\/index.php\/wp-json\/wp\/v2\/product\/1089\/revisions"}],"wp:featuredmedia":[{"embeddable":true,"href":"https:\/\/pascalnoppe.com\/index.php\/wp-json\/wp\/v2\/media\/1119"}],"wp:attachment":[{"href":"https:\/\/pascalnoppe.com\/index.php\/wp-json\/wp\/v2\/media?parent=1089"}],"wp:term":[{"taxonomy":"product_cat","embeddable":true,"href":"https:\/\/pascalnoppe.com\/index.php\/wp-json\/wp\/v2\/product_cat?post=1089"},{"taxonomy":"product_tag","embeddable":true,"href":"https:\/\/pascalnoppe.com\/index.php\/wp-json\/wp\/v2\/product_tag?post=1089"}],"curies":[{"name":"wp","href":"https:\/\/api.w.org\/{rel}","templated":true}]}}