{"id":1087,"date":"2021-05-23T11:39:44","date_gmt":"2021-05-23T09:39:44","guid":{"rendered":"http:\/\/pascalnoppe.com\/?post_type=product&#038;p=1087"},"modified":"2021-05-23T11:39:51","modified_gmt":"2021-05-23T09:39:51","slug":"verrines-sales-cocktail","status":"publish","type":"product","link":"https:\/\/pascalnoppe.com\/index.php\/produit\/verrines-sales-cocktail\/","title":{"rendered":"V\u00e9rrines sal\u00e9s cocktail"},"content":{"rendered":"<p>les v\u00e9rrines sal\u00e9s cocktail : tourteau et guacamoletartare de saumon fa\u00e7on Pascalfa\u00e7on taboul\u00e9 et compot\u00e9 de tomatesOeufs ricottatartare de tomates &#8230;<\/p>\n","protected":false},"excerpt":{"rendered":"<p>les v\u00e9rrines sal\u00e9s cocktail : tourteau et guacamoletartare de saumon fa\u00e7on Pascalfa\u00e7on taboul\u00e9 et compot\u00e9 de tomatesOeufs ricottatartare de tomates &#8230;<\/p>\n","protected":false},"featured_media":1117,"template":"","meta":[],"product_cat":[30,33],"product_tag":[],"_links":{"self":[{"href":"https:\/\/pascalnoppe.com\/index.php\/wp-json\/wp\/v2\/product\/1087"}],"collection":[{"href":"https:\/\/pascalnoppe.com\/index.php\/wp-json\/wp\/v2\/product"}],"about":[{"href":"https:\/\/pascalnoppe.com\/index.php\/wp-json\/wp\/v2\/types\/product"}],"version-history":[{"count":0,"href":"https:\/\/pascalnoppe.com\/index.php\/wp-json\/wp\/v2\/product\/1087\/revisions"}],"wp:featuredmedia":[{"embeddable":true,"href":"https:\/\/pascalnoppe.com\/index.php\/wp-json\/wp\/v2\/media\/1117"}],"wp:attachment":[{"href":"https:\/\/pascalnoppe.com\/index.php\/wp-json\/wp\/v2\/media?parent=1087"}],"wp:term":[{"taxonomy":"product_cat","embeddable":true,"href":"https:\/\/pascalnoppe.com\/index.php\/wp-json\/wp\/v2\/product_cat?post=1087"},{"taxonomy":"product_tag","embeddable":true,"href":"https:\/\/pascalnoppe.com\/index.php\/wp-json\/wp\/v2\/product_tag?post=1087"}],"curies":[{"name":"wp","href":"https:\/\/api.w.org\/{rel}","templated":true}]}}