{"id":1084,"date":"2021-05-23T11:39:44","date_gmt":"2021-05-23T09:39:44","guid":{"rendered":"http:\/\/pascalnoppe.com\/?post_type=product&#038;p=1084"},"modified":"2021-05-23T11:39:49","modified_gmt":"2021-05-23T09:39:49","slug":"sandwich-a-la-baguette-encre-de-seche","status":"publish","type":"product","link":"https:\/\/pascalnoppe.com\/index.php\/produit\/sandwich-a-la-baguette-encre-de-seche\/","title":{"rendered":"Sandwich \u00e0 la baguette encre de s\u00e8che"},"content":{"rendered":"<p>Baguette \u00e0 l&rsquo;encre de s\u00e8che, saumon fum\u00e9 et tzatziki, roquette salade.fa\u00e7on japonaise.<\/p>\n","protected":false},"excerpt":{"rendered":"<p>Baguette \u00e0 l&rsquo;encre de s\u00e8che, saumon fum\u00e9 et tzatziki, roquette salade.fa\u00e7on japonaise.<\/p>\n","protected":false},"featured_media":1114,"template":"","meta":[],"product_cat":[30,32],"product_tag":[],"_links":{"self":[{"href":"https:\/\/pascalnoppe.com\/index.php\/wp-json\/wp\/v2\/product\/1084"}],"collection":[{"href":"https:\/\/pascalnoppe.com\/index.php\/wp-json\/wp\/v2\/product"}],"about":[{"href":"https:\/\/pascalnoppe.com\/index.php\/wp-json\/wp\/v2\/types\/product"}],"version-history":[{"count":0,"href":"https:\/\/pascalnoppe.com\/index.php\/wp-json\/wp\/v2\/product\/1084\/revisions"}],"wp:featuredmedia":[{"embeddable":true,"href":"https:\/\/pascalnoppe.com\/index.php\/wp-json\/wp\/v2\/media\/1114"}],"wp:attachment":[{"href":"https:\/\/pascalnoppe.com\/index.php\/wp-json\/wp\/v2\/media?parent=1084"}],"wp:term":[{"taxonomy":"product_cat","embeddable":true,"href":"https:\/\/pascalnoppe.com\/index.php\/wp-json\/wp\/v2\/product_cat?post=1084"},{"taxonomy":"product_tag","embeddable":true,"href":"https:\/\/pascalnoppe.com\/index.php\/wp-json\/wp\/v2\/product_tag?post=1084"}],"curies":[{"name":"wp","href":"https:\/\/api.w.org\/{rel}","templated":true}]}}