{"id":1083,"date":"2021-05-23T11:39:44","date_gmt":"2021-05-23T09:39:44","guid":{"rendered":"http:\/\/pascalnoppe.com\/?post_type=product&#038;p=1083"},"modified":"2021-05-23T11:39:49","modified_gmt":"2021-05-23T09:39:49","slug":"foccacia-sandwich","status":"publish","type":"product","link":"https:\/\/pascalnoppe.com\/index.php\/produit\/foccacia-sandwich\/","title":{"rendered":"Foccacia sandwich"},"content":{"rendered":"<p>Les sandwiches sont r\u00e9alis\u00e9s \u00e0 la demande,5 minutes d&rsquo;attente environ, pain foccacia, jambon de Parme, mozzarella, pesto, salade roquette. <\/p>\n","protected":false},"excerpt":{"rendered":"<p>Les sandwiches sont r\u00e9alis\u00e9s \u00e0 la demande,5 minutes d&rsquo;attente environ, pain foccacia, jambon de Parme, mozzarella, pesto, salade roquette.<\/p>\n","protected":false},"featured_media":1113,"template":"","meta":[],"product_cat":[30,32],"product_tag":[],"_links":{"self":[{"href":"https:\/\/pascalnoppe.com\/index.php\/wp-json\/wp\/v2\/product\/1083"}],"collection":[{"href":"https:\/\/pascalnoppe.com\/index.php\/wp-json\/wp\/v2\/product"}],"about":[{"href":"https:\/\/pascalnoppe.com\/index.php\/wp-json\/wp\/v2\/types\/product"}],"version-history":[{"count":0,"href":"https:\/\/pascalnoppe.com\/index.php\/wp-json\/wp\/v2\/product\/1083\/revisions"}],"wp:featuredmedia":[{"embeddable":true,"href":"https:\/\/pascalnoppe.com\/index.php\/wp-json\/wp\/v2\/media\/1113"}],"wp:attachment":[{"href":"https:\/\/pascalnoppe.com\/index.php\/wp-json\/wp\/v2\/media?parent=1083"}],"wp:term":[{"taxonomy":"product_cat","embeddable":true,"href":"https:\/\/pascalnoppe.com\/index.php\/wp-json\/wp\/v2\/product_cat?post=1083"},{"taxonomy":"product_tag","embeddable":true,"href":"https:\/\/pascalnoppe.com\/index.php\/wp-json\/wp\/v2\/product_tag?post=1083"}],"curies":[{"name":"wp","href":"https:\/\/api.w.org\/{rel}","templated":true}]}}