{"id":1080,"date":"2021-05-23T11:39:43","date_gmt":"2021-05-23T09:39:43","guid":{"rendered":"http:\/\/pascalnoppe.com\/?post_type=product&#038;p=1080"},"modified":"2021-05-23T11:39:48","modified_gmt":"2021-05-23T09:39:48","slug":"tortillas-de-saumon","status":"publish","type":"product","link":"https:\/\/pascalnoppe.com\/index.php\/produit\/tortillas-de-saumon\/","title":{"rendered":"Tortillas de saumon"},"content":{"rendered":"<p>Salade m\u00e9lang\u00e9e, tortillas de saumon fum\u00e9, tzatziki et choux blanc<\/p>\n","protected":false},"excerpt":{"rendered":"<p>Salade m\u00e9lang\u00e9e, tortillas de saumon fum\u00e9, tzatziki et choux blanc<\/p>\n","protected":false},"featured_media":1110,"template":"","meta":[],"product_cat":[30,32],"product_tag":[],"_links":{"self":[{"href":"https:\/\/pascalnoppe.com\/index.php\/wp-json\/wp\/v2\/product\/1080"}],"collection":[{"href":"https:\/\/pascalnoppe.com\/index.php\/wp-json\/wp\/v2\/product"}],"about":[{"href":"https:\/\/pascalnoppe.com\/index.php\/wp-json\/wp\/v2\/types\/product"}],"version-history":[{"count":0,"href":"https:\/\/pascalnoppe.com\/index.php\/wp-json\/wp\/v2\/product\/1080\/revisions"}],"wp:featuredmedia":[{"embeddable":true,"href":"https:\/\/pascalnoppe.com\/index.php\/wp-json\/wp\/v2\/media\/1110"}],"wp:attachment":[{"href":"https:\/\/pascalnoppe.com\/index.php\/wp-json\/wp\/v2\/media?parent=1080"}],"wp:term":[{"taxonomy":"product_cat","embeddable":true,"href":"https:\/\/pascalnoppe.com\/index.php\/wp-json\/wp\/v2\/product_cat?post=1080"},{"taxonomy":"product_tag","embeddable":true,"href":"https:\/\/pascalnoppe.com\/index.php\/wp-json\/wp\/v2\/product_tag?post=1080"}],"curies":[{"name":"wp","href":"https:\/\/api.w.org\/{rel}","templated":true}]}}