{"id":1079,"date":"2021-05-23T11:39:43","date_gmt":"2021-05-23T09:39:43","guid":{"rendered":"http:\/\/pascalnoppe.com\/?post_type=product&#038;p=1079"},"modified":"2021-05-23T11:39:47","modified_gmt":"2021-05-23T09:39:47","slug":"tourte-a-lancienne-saucisson-a-lail","status":"publish","type":"product","link":"https:\/\/pascalnoppe.com\/index.php\/produit\/tourte-a-lancienne-saucisson-a-lail\/","title":{"rendered":"Tourte \u00e0 l&rsquo;ancienne, saucisson \u00e0 l&rsquo;ail"},"content":{"rendered":"<p>p\u00e2te feuillet\u00e9e, b\u00e9chamel, champignons de paris, saucisson \u00e0 l&rsquo;ail, sauce \u00e0 quiche.Tourte jambon de parme, grattin dauphinois, et comt\u00e9.Tourte \u00e9pinards et poulet grill\u00e9.Tourte carottes et ch\u00e8vre.<\/p>\n","protected":false},"excerpt":{"rendered":"<p>p\u00e2te feuillet\u00e9e, b\u00e9chamel, champignons de paris, saucisson \u00e0 l&rsquo;ail, sauce \u00e0 quiche.Tourte jambon de parme, grattin dauphinois, et comt\u00e9.Tourte \u00e9pinards et poulet grill\u00e9.Tourte carottes et ch\u00e8vre.<\/p>\n","protected":false},"featured_media":1109,"template":"","meta":[],"product_cat":[30,32],"product_tag":[],"_links":{"self":[{"href":"https:\/\/pascalnoppe.com\/index.php\/wp-json\/wp\/v2\/product\/1079"}],"collection":[{"href":"https:\/\/pascalnoppe.com\/index.php\/wp-json\/wp\/v2\/product"}],"about":[{"href":"https:\/\/pascalnoppe.com\/index.php\/wp-json\/wp\/v2\/types\/product"}],"version-history":[{"count":0,"href":"https:\/\/pascalnoppe.com\/index.php\/wp-json\/wp\/v2\/product\/1079\/revisions"}],"wp:featuredmedia":[{"embeddable":true,"href":"https:\/\/pascalnoppe.com\/index.php\/wp-json\/wp\/v2\/media\/1109"}],"wp:attachment":[{"href":"https:\/\/pascalnoppe.com\/index.php\/wp-json\/wp\/v2\/media?parent=1079"}],"wp:term":[{"taxonomy":"product_cat","embeddable":true,"href":"https:\/\/pascalnoppe.com\/index.php\/wp-json\/wp\/v2\/product_cat?post=1079"},{"taxonomy":"product_tag","embeddable":true,"href":"https:\/\/pascalnoppe.com\/index.php\/wp-json\/wp\/v2\/product_tag?post=1079"}],"curies":[{"name":"wp","href":"https:\/\/api.w.org\/{rel}","templated":true}]}}