{"id":1076,"date":"2021-05-23T11:39:43","date_gmt":"2021-05-23T09:39:43","guid":{"rendered":"http:\/\/pascalnoppe.com\/?post_type=product&#038;p=1076"},"modified":"2021-05-23T11:39:46","modified_gmt":"2021-05-23T09:39:46","slug":"salade-nicoise","status":"publish","type":"product","link":"https:\/\/pascalnoppe.com\/index.php\/produit\/salade-nicoise\/","title":{"rendered":"Salade ni\u00e7oise"},"content":{"rendered":"<p>salade m\u00e9lang\u00e9e, riz, oeuf dur, thon, haricot vert, olive noir, anchoix, tomates, pomme de terre, tomate confite, dressing \u00e0 la moutarde et huile d&rsquo;olive.<\/p>\n","protected":false},"excerpt":{"rendered":"<p>salade m\u00e9lang\u00e9e, riz, oeuf dur, thon, haricot vert, olive noir, anchoix, tomates, pomme de terre, tomate confite, dressing \u00e0 la moutarde et huile d&rsquo;olive.<\/p>\n","protected":false},"featured_media":1106,"template":"","meta":[],"product_cat":[30,32],"product_tag":[],"_links":{"self":[{"href":"https:\/\/pascalnoppe.com\/index.php\/wp-json\/wp\/v2\/product\/1076"}],"collection":[{"href":"https:\/\/pascalnoppe.com\/index.php\/wp-json\/wp\/v2\/product"}],"about":[{"href":"https:\/\/pascalnoppe.com\/index.php\/wp-json\/wp\/v2\/types\/product"}],"version-history":[{"count":0,"href":"https:\/\/pascalnoppe.com\/index.php\/wp-json\/wp\/v2\/product\/1076\/revisions"}],"wp:featuredmedia":[{"embeddable":true,"href":"https:\/\/pascalnoppe.com\/index.php\/wp-json\/wp\/v2\/media\/1106"}],"wp:attachment":[{"href":"https:\/\/pascalnoppe.com\/index.php\/wp-json\/wp\/v2\/media?parent=1076"}],"wp:term":[{"taxonomy":"product_cat","embeddable":true,"href":"https:\/\/pascalnoppe.com\/index.php\/wp-json\/wp\/v2\/product_cat?post=1076"},{"taxonomy":"product_tag","embeddable":true,"href":"https:\/\/pascalnoppe.com\/index.php\/wp-json\/wp\/v2\/product_tag?post=1076"}],"curies":[{"name":"wp","href":"https:\/\/api.w.org\/{rel}","templated":true}]}}