{"id":1044,"date":"2021-05-23T11:39:27","date_gmt":"2021-05-23T09:39:27","guid":{"rendered":"http:\/\/pascalnoppe.com\/?post_type=product&#038;p=1044"},"modified":"2021-05-23T11:39:42","modified_gmt":"2021-05-23T09:39:42","slug":"buffet-sucre-2","status":"publish","type":"product","link":"https:\/\/pascalnoppe.com\/index.php\/produit\/buffet-sucre-2\/","title":{"rendered":"Buffet sucr\u00e9"},"content":{"rendered":"<p>Apr\u00e8s le sal\u00e9, viens le sucr\u00e9, Tour de macarons assortis,avec des v\u00e9rrines sucr\u00e9es , ici tiramisu fruits rouges, et crmble de fraises et framboises, quelques bandes tartes assortis sur plateau, Un temps des plus agr\u00e9able pour un brunch familliale tr\u00e8s appr\u00e9ci\u00e9,&nbsp;&nbsp;<\/p>\n","protected":false},"excerpt":{"rendered":"<p>Apr\u00e8s le sal\u00e9, viens le sucr\u00e9, Tour de macarons assortis,avec des v\u00e9rrines sucr\u00e9es , ici tiramisu fruits rouges, et crmble de fraises et framboises, quelques bandes tartes assortis sur plateau, Un temps des plus agr\u00e9able pour un brunch familliale tr\u00e8s appr\u00e9ci\u00e9,&nbsp;&nbsp;<\/p>\n","protected":false},"featured_media":1074,"template":"","meta":[],"product_cat":[31,30],"product_tag":[],"_links":{"self":[{"href":"https:\/\/pascalnoppe.com\/index.php\/wp-json\/wp\/v2\/product\/1044"}],"collection":[{"href":"https:\/\/pascalnoppe.com\/index.php\/wp-json\/wp\/v2\/product"}],"about":[{"href":"https:\/\/pascalnoppe.com\/index.php\/wp-json\/wp\/v2\/types\/product"}],"version-history":[{"count":0,"href":"https:\/\/pascalnoppe.com\/index.php\/wp-json\/wp\/v2\/product\/1044\/revisions"}],"wp:featuredmedia":[{"embeddable":true,"href":"https:\/\/pascalnoppe.com\/index.php\/wp-json\/wp\/v2\/media\/1074"}],"wp:attachment":[{"href":"https:\/\/pascalnoppe.com\/index.php\/wp-json\/wp\/v2\/media?parent=1044"}],"wp:term":[{"taxonomy":"product_cat","embeddable":true,"href":"https:\/\/pascalnoppe.com\/index.php\/wp-json\/wp\/v2\/product_cat?post=1044"},{"taxonomy":"product_tag","embeddable":true,"href":"https:\/\/pascalnoppe.com\/index.php\/wp-json\/wp\/v2\/product_tag?post=1044"}],"curies":[{"name":"wp","href":"https:\/\/api.w.org\/{rel}","templated":true}]}}