{"id":1043,"date":"2021-05-23T11:39:27","date_gmt":"2021-05-23T09:39:27","guid":{"rendered":"http:\/\/pascalnoppe.com\/?post_type=product&#038;p=1043"},"modified":"2021-05-23T11:39:41","modified_gmt":"2021-05-23T09:39:41","slug":"buffet-brunch","status":"publish","type":"product","link":"https:\/\/pascalnoppe.com\/index.php\/produit\/buffet-brunch\/","title":{"rendered":"Buffet brunch"},"content":{"rendered":"<p>C\u00f4t\u00e9 jardin, buffet brunch familliale en maison de campagne, Buffet froid, macarons sal\u00e9s assortis, plateau charcuteries assortis, plateau fromages assortis,les verrines sal\u00e9es,&nbsp;etc &#8230; <\/p>\n","protected":false},"excerpt":{"rendered":"<p>C\u00f4t\u00e9 jardin, buffet brunch familliale en maison de campagne, Buffet froid, macarons sal\u00e9s assortis, plateau charcuteries assortis, plateau fromages assortis,les verrines sal\u00e9es,&nbsp;etc &#8230;<\/p>\n","protected":false},"featured_media":1073,"template":"","meta":[],"product_cat":[31,30],"product_tag":[],"_links":{"self":[{"href":"https:\/\/pascalnoppe.com\/index.php\/wp-json\/wp\/v2\/product\/1043"}],"collection":[{"href":"https:\/\/pascalnoppe.com\/index.php\/wp-json\/wp\/v2\/product"}],"about":[{"href":"https:\/\/pascalnoppe.com\/index.php\/wp-json\/wp\/v2\/types\/product"}],"version-history":[{"count":0,"href":"https:\/\/pascalnoppe.com\/index.php\/wp-json\/wp\/v2\/product\/1043\/revisions"}],"wp:featuredmedia":[{"embeddable":true,"href":"https:\/\/pascalnoppe.com\/index.php\/wp-json\/wp\/v2\/media\/1073"}],"wp:attachment":[{"href":"https:\/\/pascalnoppe.com\/index.php\/wp-json\/wp\/v2\/media?parent=1043"}],"wp:term":[{"taxonomy":"product_cat","embeddable":true,"href":"https:\/\/pascalnoppe.com\/index.php\/wp-json\/wp\/v2\/product_cat?post=1043"},{"taxonomy":"product_tag","embeddable":true,"href":"https:\/\/pascalnoppe.com\/index.php\/wp-json\/wp\/v2\/product_tag?post=1043"}],"curies":[{"name":"wp","href":"https:\/\/api.w.org\/{rel}","templated":true}]}}