{"id":1040,"date":"2021-05-23T11:39:27","date_gmt":"2021-05-23T09:39:27","guid":{"rendered":"http:\/\/pascalnoppe.com\/?post_type=product&#038;p=1040"},"modified":"2021-05-23T11:39:39","modified_gmt":"2021-05-23T09:39:39","slug":"petits-fours-frais","status":"publish","type":"product","link":"https:\/\/pascalnoppe.com\/index.php\/produit\/petits-fours-frais\/","title":{"rendered":"Petits fours frais"},"content":{"rendered":"<p>Dans notre atelier, les plateaux de petits fours frais sont pr\u00e9parer pour le cocktail, disposer sur plateaux avec m\u00e9thode et rigueur, en attente d&rsquo;\u00eatre d\u00e9guster.<\/p>\n","protected":false},"excerpt":{"rendered":"<p>Dans notre atelier, les plateaux de petits fours frais sont pr\u00e9parer pour le cocktail, disposer sur plateaux avec m\u00e9thode et rigueur, en attente d&rsquo;\u00eatre d\u00e9guster.<\/p>\n","protected":false},"featured_media":1070,"template":"","meta":[],"product_cat":[31,30],"product_tag":[],"_links":{"self":[{"href":"https:\/\/pascalnoppe.com\/index.php\/wp-json\/wp\/v2\/product\/1040"}],"collection":[{"href":"https:\/\/pascalnoppe.com\/index.php\/wp-json\/wp\/v2\/product"}],"about":[{"href":"https:\/\/pascalnoppe.com\/index.php\/wp-json\/wp\/v2\/types\/product"}],"version-history":[{"count":0,"href":"https:\/\/pascalnoppe.com\/index.php\/wp-json\/wp\/v2\/product\/1040\/revisions"}],"wp:featuredmedia":[{"embeddable":true,"href":"https:\/\/pascalnoppe.com\/index.php\/wp-json\/wp\/v2\/media\/1070"}],"wp:attachment":[{"href":"https:\/\/pascalnoppe.com\/index.php\/wp-json\/wp\/v2\/media?parent=1040"}],"wp:term":[{"taxonomy":"product_cat","embeddable":true,"href":"https:\/\/pascalnoppe.com\/index.php\/wp-json\/wp\/v2\/product_cat?post=1040"},{"taxonomy":"product_tag","embeddable":true,"href":"https:\/\/pascalnoppe.com\/index.php\/wp-json\/wp\/v2\/product_tag?post=1040"}],"curies":[{"name":"wp","href":"https:\/\/api.w.org\/{rel}","templated":true}]}}