{"id":1038,"date":"2021-05-23T11:39:27","date_gmt":"2021-05-23T09:39:27","guid":{"rendered":"http:\/\/pascalnoppe.com\/?post_type=product&#038;p=1038"},"modified":"2021-05-23T11:39:38","modified_gmt":"2021-05-23T09:39:38","slug":"gateau-danniversaire","status":"publish","type":"product","link":"https:\/\/pascalnoppe.com\/index.php\/produit\/gateau-danniversaire\/","title":{"rendered":"G\u00e2teau d&rsquo;anniversaire"},"content":{"rendered":"<p>Pour vos buffets, cocktail , \u00e0 l&rsquo;occasion pour un Anniversaire, nos grands entremets, ici le Cara\u00efbe 2011, pour 24 personnes, pour terminer vos soir\u00e9es sur un moment inoubliable, <\/p>\n","protected":false},"excerpt":{"rendered":"<p>Pour vos buffets, cocktail , \u00e0 l&rsquo;occasion pour un Anniversaire, nos grands entremets, ici le Cara\u00efbe 2011, pour 24 personnes, pour terminer vos soir\u00e9es sur un moment inoubliable,<\/p>\n","protected":false},"featured_media":1068,"template":"","meta":[],"product_cat":[31,30],"product_tag":[],"_links":{"self":[{"href":"https:\/\/pascalnoppe.com\/index.php\/wp-json\/wp\/v2\/product\/1038"}],"collection":[{"href":"https:\/\/pascalnoppe.com\/index.php\/wp-json\/wp\/v2\/product"}],"about":[{"href":"https:\/\/pascalnoppe.com\/index.php\/wp-json\/wp\/v2\/types\/product"}],"version-history":[{"count":0,"href":"https:\/\/pascalnoppe.com\/index.php\/wp-json\/wp\/v2\/product\/1038\/revisions"}],"wp:featuredmedia":[{"embeddable":true,"href":"https:\/\/pascalnoppe.com\/index.php\/wp-json\/wp\/v2\/media\/1068"}],"wp:attachment":[{"href":"https:\/\/pascalnoppe.com\/index.php\/wp-json\/wp\/v2\/media?parent=1038"}],"wp:term":[{"taxonomy":"product_cat","embeddable":true,"href":"https:\/\/pascalnoppe.com\/index.php\/wp-json\/wp\/v2\/product_cat?post=1038"},{"taxonomy":"product_tag","embeddable":true,"href":"https:\/\/pascalnoppe.com\/index.php\/wp-json\/wp\/v2\/product_tag?post=1038"}],"curies":[{"name":"wp","href":"https:\/\/api.w.org\/{rel}","templated":true}]}}