{"id":1037,"date":"2021-05-23T11:39:27","date_gmt":"2021-05-23T09:39:27","guid":{"rendered":"http:\/\/pascalnoppe.com\/?post_type=product&#038;p=1037"},"modified":"2021-05-23T11:39:38","modified_gmt":"2021-05-23T09:39:38","slug":"tour-de-macarons-assortis-3","status":"publish","type":"product","link":"https:\/\/pascalnoppe.com\/index.php\/produit\/tour-de-macarons-assortis-3\/","title":{"rendered":"Tour de macarons assortis"},"content":{"rendered":"<p>Incontournable, nos tours de Macarons assortis \u00e0 la demande, ici tour sur 2 \u00e9tages, on peut faire sur 3 ou 4 \u00e9tages \u00e9galement, possibilit\u00e9 de rajouter un d\u00e9cor en sucre ou logo sur le dernier \u00e9tage, <\/p>\n","protected":false},"excerpt":{"rendered":"<p>Incontournable, nos tours de Macarons assortis \u00e0 la demande, ici tour sur 2 \u00e9tages, on peut faire sur 3 ou 4 \u00e9tages \u00e9galement, possibilit\u00e9 de rajouter un d\u00e9cor en sucre ou logo sur le dernier \u00e9tage,<\/p>\n","protected":false},"featured_media":1067,"template":"","meta":[],"product_cat":[31,30],"product_tag":[],"_links":{"self":[{"href":"https:\/\/pascalnoppe.com\/index.php\/wp-json\/wp\/v2\/product\/1037"}],"collection":[{"href":"https:\/\/pascalnoppe.com\/index.php\/wp-json\/wp\/v2\/product"}],"about":[{"href":"https:\/\/pascalnoppe.com\/index.php\/wp-json\/wp\/v2\/types\/product"}],"version-history":[{"count":0,"href":"https:\/\/pascalnoppe.com\/index.php\/wp-json\/wp\/v2\/product\/1037\/revisions"}],"wp:featuredmedia":[{"embeddable":true,"href":"https:\/\/pascalnoppe.com\/index.php\/wp-json\/wp\/v2\/media\/1067"}],"wp:attachment":[{"href":"https:\/\/pascalnoppe.com\/index.php\/wp-json\/wp\/v2\/media?parent=1037"}],"wp:term":[{"taxonomy":"product_cat","embeddable":true,"href":"https:\/\/pascalnoppe.com\/index.php\/wp-json\/wp\/v2\/product_cat?post=1037"},{"taxonomy":"product_tag","embeddable":true,"href":"https:\/\/pascalnoppe.com\/index.php\/wp-json\/wp\/v2\/product_tag?post=1037"}],"curies":[{"name":"wp","href":"https:\/\/api.w.org\/{rel}","templated":true}]}}