{"id":1036,"date":"2021-05-23T11:39:27","date_gmt":"2021-05-23T09:39:27","guid":{"rendered":"http:\/\/pascalnoppe.com\/?post_type=product&#038;p=1036"},"modified":"2021-05-23T11:39:37","modified_gmt":"2021-05-23T09:39:37","slug":"plateau-bandes-tartes-selection","status":"publish","type":"product","link":"https:\/\/pascalnoppe.com\/index.php\/produit\/plateau-bandes-tartes-selection\/","title":{"rendered":"Plateau bandes tartes s\u00e9lection"},"content":{"rendered":"<p>Grand plateau de bandes tartes s\u00e9lection, ici abricots, pommes normandes, quetches et poires, possibilit\u00e9 en mini bandes tartes \u00e9galement, <\/p>\n","protected":false},"excerpt":{"rendered":"<p>Grand plateau de bandes tartes s\u00e9lection, ici abricots, pommes normandes, quetches et poires, possibilit\u00e9 en mini bandes tartes \u00e9galement,<\/p>\n","protected":false},"featured_media":1066,"template":"","meta":[],"product_cat":[31,30],"product_tag":[],"_links":{"self":[{"href":"https:\/\/pascalnoppe.com\/index.php\/wp-json\/wp\/v2\/product\/1036"}],"collection":[{"href":"https:\/\/pascalnoppe.com\/index.php\/wp-json\/wp\/v2\/product"}],"about":[{"href":"https:\/\/pascalnoppe.com\/index.php\/wp-json\/wp\/v2\/types\/product"}],"version-history":[{"count":0,"href":"https:\/\/pascalnoppe.com\/index.php\/wp-json\/wp\/v2\/product\/1036\/revisions"}],"wp:featuredmedia":[{"embeddable":true,"href":"https:\/\/pascalnoppe.com\/index.php\/wp-json\/wp\/v2\/media\/1066"}],"wp:attachment":[{"href":"https:\/\/pascalnoppe.com\/index.php\/wp-json\/wp\/v2\/media?parent=1036"}],"wp:term":[{"taxonomy":"product_cat","embeddable":true,"href":"https:\/\/pascalnoppe.com\/index.php\/wp-json\/wp\/v2\/product_cat?post=1036"},{"taxonomy":"product_tag","embeddable":true,"href":"https:\/\/pascalnoppe.com\/index.php\/wp-json\/wp\/v2\/product_tag?post=1036"}],"curies":[{"name":"wp","href":"https:\/\/api.w.org\/{rel}","templated":true}]}}