{"id":1035,"date":"2021-05-23T11:39:27","date_gmt":"2021-05-23T09:39:27","guid":{"rendered":"http:\/\/pascalnoppe.com\/?post_type=product&#038;p=1035"},"modified":"2021-05-23T11:39:37","modified_gmt":"2021-05-23T09:39:37","slug":"plateau-petits-fours-sales","status":"publish","type":"product","link":"https:\/\/pascalnoppe.com\/index.php\/produit\/plateau-petits-fours-sales\/","title":{"rendered":"Plateau petits fours sal\u00e9s"},"content":{"rendered":"<p>2 tailles aux choix, ici petit plateau, pratique \u00e0 r\u00e9chauffer au four, 5 minutes \u00e0 180\u00b0 c. <\/p>\n","protected":false},"excerpt":{"rendered":"<p>2 tailles aux choix, ici petit plateau, pratique \u00e0 r\u00e9chauffer au four, 5 minutes \u00e0 180\u00b0 c.<\/p>\n","protected":false},"featured_media":1065,"template":"","meta":[],"product_cat":[31,30],"product_tag":[],"_links":{"self":[{"href":"https:\/\/pascalnoppe.com\/index.php\/wp-json\/wp\/v2\/product\/1035"}],"collection":[{"href":"https:\/\/pascalnoppe.com\/index.php\/wp-json\/wp\/v2\/product"}],"about":[{"href":"https:\/\/pascalnoppe.com\/index.php\/wp-json\/wp\/v2\/types\/product"}],"version-history":[{"count":0,"href":"https:\/\/pascalnoppe.com\/index.php\/wp-json\/wp\/v2\/product\/1035\/revisions"}],"wp:featuredmedia":[{"embeddable":true,"href":"https:\/\/pascalnoppe.com\/index.php\/wp-json\/wp\/v2\/media\/1065"}],"wp:attachment":[{"href":"https:\/\/pascalnoppe.com\/index.php\/wp-json\/wp\/v2\/media?parent=1035"}],"wp:term":[{"taxonomy":"product_cat","embeddable":true,"href":"https:\/\/pascalnoppe.com\/index.php\/wp-json\/wp\/v2\/product_cat?post=1035"},{"taxonomy":"product_tag","embeddable":true,"href":"https:\/\/pascalnoppe.com\/index.php\/wp-json\/wp\/v2\/product_tag?post=1035"}],"curies":[{"name":"wp","href":"https:\/\/api.w.org\/{rel}","templated":true}]}}