{"id":1034,"date":"2021-05-23T11:39:27","date_gmt":"2021-05-23T09:39:27","guid":{"rendered":"http:\/\/pascalnoppe.com\/?post_type=product&#038;p=1034"},"modified":"2021-05-23T11:39:36","modified_gmt":"2021-05-23T09:39:36","slug":"canapes-sur-plateau","status":"publish","type":"product","link":"https:\/\/pascalnoppe.com\/index.php\/produit\/canapes-sur-plateau\/","title":{"rendered":"Canap\u00e9s sur plateau"},"content":{"rendered":"<p>canap\u00e9s s\u00e9lection , tapenade olive noir oeuf mimosa <\/p>\n","protected":false},"excerpt":{"rendered":"<p>canap\u00e9s s\u00e9lection , tapenade olive noir oeuf mimosa<\/p>\n","protected":false},"featured_media":1064,"template":"","meta":[],"product_cat":[31,30],"product_tag":[],"_links":{"self":[{"href":"https:\/\/pascalnoppe.com\/index.php\/wp-json\/wp\/v2\/product\/1034"}],"collection":[{"href":"https:\/\/pascalnoppe.com\/index.php\/wp-json\/wp\/v2\/product"}],"about":[{"href":"https:\/\/pascalnoppe.com\/index.php\/wp-json\/wp\/v2\/types\/product"}],"version-history":[{"count":0,"href":"https:\/\/pascalnoppe.com\/index.php\/wp-json\/wp\/v2\/product\/1034\/revisions"}],"wp:featuredmedia":[{"embeddable":true,"href":"https:\/\/pascalnoppe.com\/index.php\/wp-json\/wp\/v2\/media\/1064"}],"wp:attachment":[{"href":"https:\/\/pascalnoppe.com\/index.php\/wp-json\/wp\/v2\/media?parent=1034"}],"wp:term":[{"taxonomy":"product_cat","embeddable":true,"href":"https:\/\/pascalnoppe.com\/index.php\/wp-json\/wp\/v2\/product_cat?post=1034"},{"taxonomy":"product_tag","embeddable":true,"href":"https:\/\/pascalnoppe.com\/index.php\/wp-json\/wp\/v2\/product_tag?post=1034"}],"curies":[{"name":"wp","href":"https:\/\/api.w.org\/{rel}","templated":true}]}}